{"id":3068,"date":"2025-08-05T17:34:38","date_gmt":"2025-08-05T17:34:38","guid":{"rendered":"https:\/\/hydrogeeks2.safeland.es\/?post_type=product&#038;p=3068"},"modified":"2026-02-23T12:41:42","modified_gmt":"2026-02-23T12:41:42","slug":"nexus-2000-din","status":"publish","type":"product","link":"https:\/\/hydrogeeks2.safeland.es\/?product=nexus-2000-din","title":{"rendered":"Nexus 2000 DIN INSTRUMENTO DE ANALISIS"},"content":{"rendered":"<h3><b>Caracter\u00edsticas y Funciones del Producto<\/b><\/h3>\n<p>&nbsp;<\/p>\n<p>Este instrumento est\u00e1 dise\u00f1ado para una monitorizaci\u00f3n y dosificaci\u00f3n precisas, ofreciendo una variedad de funciones avanzadas.<\/p>\n<ul>\n<li><b>Entrada de Voltaje Externa<\/b>: Cuenta con una entrada de voltaje (de 15 a 30 VAC\/VDC) que permite suspender las funciones de medici\u00f3n y dosificaci\u00f3n mediante un sistema de control remoto.<\/li>\n<li><b>Salida 4-20 mA<\/b>: Dispone de una salida de 4-20 mA, lo que lo hace una soluci\u00f3n ideal para la conexi\u00f3n a registradores o sistemas de adquisici\u00f3n de datos.<\/li>\n<li><b>Escalas de Medici\u00f3n Seleccionables<\/b>: Es posible seleccionar la escala de medici\u00f3n deseada a trav\u00e9s del men\u00fa de programaci\u00f3n, lo que asegura una gran versatilidad operativa con un solo instrumento.<\/li>\n<li><b>Pantalla Digital<\/b>: La pantalla digital de alta eficiencia con LEDs azules, de 2 l\u00edneas y 16 d\u00edgitos por l\u00ednea, permite visualizar simult\u00e1neamente dos par\u00e1metros: la medici\u00f3n qu\u00edmica y la temperatura.<\/li>\n<li><b>Calibraci\u00f3n Autom\u00e1tica<\/b>: El instrumento reconoce la soluci\u00f3n tamp\u00f3n (pH y Redox) y completa la calibraci\u00f3n autom\u00e1ticamente, suspendiendo la dosificaci\u00f3n (funci\u00f3n HOLD) y mostrando la eficiencia del electrodo en porcentaje.<\/li>\n<li><b>Funciones Adicionales<\/b>:\n<ul>\n<li>Men\u00fa en varios idiomas.<\/li>\n<li>Protecci\u00f3n por contrase\u00f1a para el men\u00fa de configuraci\u00f3n.<\/li>\n<li>Estad\u00edsticas de activaci\u00f3n de rel\u00e9s.<\/li>\n<li>Control manual de todas las funciones del instrumento.<\/li>\n<li>Control de calidad de las sondas de medici\u00f3n.<\/li>\n<li><b>OFA (Over Feed Alarm)<\/b>: Alarma de exceso de dosificaci\u00f3n temporizada.<\/li>\n<li>Banda de alarma configurable con valores m\u00ednimos y m\u00e1ximos.<\/li>\n<li>Dosificaci\u00f3n proporcional a trav\u00e9s de puntos de ajuste.<\/li>\n<\/ul>\n<\/li>\n<\/ul>\n","protected":false},"excerpt":{"rendered":"<p>Este instrumento est\u00e1 dise\u00f1ado para una monitorizaci\u00f3n y dosificaci\u00f3n precisas, ofreciendo una variedad de funciones avanzadas.<br \/>\n\u25cf DIN RAIL VERSION<br \/>\n\u25cf 6 module<br \/>\n\u25cf IP40 Protection<br \/>\n\u25cf 100\/240 VAC 50\/60Hz 5W<\/p>\n","protected":false},"featured_media":3010,"comment_status":"open","ping_status":"closed","template":"","meta":[],"product_brand":[30],"product_cat":[37,69],"product_tag":[],"class_list":{"0":"post-3068","1":"product","2":"type-product","3":"status-publish","4":"has-post-thumbnail","6":"product_brand-injecta","7":"product_cat-medicion","8":"product_cat-nexus","10":"first","11":"instock","12":"taxable","13":"shipping-taxable","14":"purchasable","15":"product-type-variable"},"yoast_head":"<!-- This site is optimized with the Yoast SEO plugin v25.5 - https:\/\/yoast.com\/wordpress\/plugins\/seo\/ -->\n<title>Nexus 2000 DIN INSTRUMENTO DE ANALISIS - Hydrogeeks<\/title>\n<meta name=\"robots\" content=\"index, follow, max-snippet:-1, max-image-preview:large, max-video-preview:-1\" \/>\n<link rel=\"canonical\" href=\"https:\/\/hydrogeeks2.safeland.es\/?product=nexus-2000-din\" \/>\n<meta property=\"og:locale\" content=\"es_ES\" \/>\n<meta property=\"og:type\" content=\"article\" \/>\n<meta property=\"og:title\" content=\"Nexus 2000 DIN INSTRUMENTO DE ANALISIS - Hydrogeeks\" \/>\n<meta property=\"og:description\" content=\"Este instrumento est\u00e1 dise\u00f1ado para una monitorizaci\u00f3n y dosificaci\u00f3n precisas, ofreciendo una variedad de funciones avanzadas. \u25cf DIN RAIL VERSION \u25cf 6 module \u25cf IP40 Protection \u25cf 100\/240 VAC 50\/60Hz 5W\" \/>\n<meta property=\"og:url\" content=\"https:\/\/hydrogeeks2.safeland.es\/?product=nexus-2000-din\" \/>\n<meta property=\"og:site_name\" content=\"Hydrogeeks\" \/>\n<meta property=\"article:modified_time\" content=\"2026-02-23T12:41:42+00:00\" \/>\n<meta property=\"og:image\" content=\"https:\/\/hydrogeeks2.safeland.es\/wp-content\/uploads\/2025\/08\/nexus2000din.png\" \/>\n\t<meta property=\"og:image:width\" content=\"203\" \/>\n\t<meta property=\"og:image:height\" content=\"198\" \/>\n\t<meta property=\"og:image:type\" content=\"image\/png\" \/>\n<meta name=\"twitter:card\" content=\"summary_large_image\" \/>\n<meta name=\"twitter:label1\" content=\"Tiempo de lectura\" \/>\n\t<meta name=\"twitter:data1\" content=\"2 minutos\" \/>\n<script type=\"application\/ld+json\" class=\"yoast-schema-graph\">{\"@context\":\"https:\/\/schema.org\",\"@graph\":[{\"@type\":\"WebPage\",\"@id\":\"https:\/\/hydrogeeks2.safeland.es\/?product=nexus-2000-din\",\"url\":\"https:\/\/hydrogeeks2.safeland.es\/?product=nexus-2000-din\",\"name\":\"Nexus 2000 DIN INSTRUMENTO DE ANALISIS - Hydrogeeks\",\"isPartOf\":{\"@id\":\"https:\/\/hydrogeeks2.safeland.es\/#website\"},\"primaryImageOfPage\":{\"@id\":\"https:\/\/hydrogeeks2.safeland.es\/?product=nexus-2000-din#primaryimage\"},\"image\":{\"@id\":\"https:\/\/hydrogeeks2.safeland.es\/?product=nexus-2000-din#primaryimage\"},\"thumbnailUrl\":\"https:\/\/hydrogeeks2.safeland.es\/wp-content\/uploads\/2025\/08\/nexus2000din.png\",\"datePublished\":\"2025-08-05T17:34:38+00:00\",\"dateModified\":\"2026-02-23T12:41:42+00:00\",\"breadcrumb\":{\"@id\":\"https:\/\/hydrogeeks2.safeland.es\/?product=nexus-2000-din#breadcrumb\"},\"inLanguage\":\"es\",\"potentialAction\":[{\"@type\":\"ReadAction\",\"target\":[\"https:\/\/hydrogeeks2.safeland.es\/?product=nexus-2000-din\"]}]},{\"@type\":\"ImageObject\",\"inLanguage\":\"es\",\"@id\":\"https:\/\/hydrogeeks2.safeland.es\/?product=nexus-2000-din#primaryimage\",\"url\":\"https:\/\/hydrogeeks2.safeland.es\/wp-content\/uploads\/2025\/08\/nexus2000din.png\",\"contentUrl\":\"https:\/\/hydrogeeks2.safeland.es\/wp-content\/uploads\/2025\/08\/nexus2000din.png\",\"width\":203,\"height\":198},{\"@type\":\"BreadcrumbList\",\"@id\":\"https:\/\/hydrogeeks2.safeland.es\/?product=nexus-2000-din#breadcrumb\",\"itemListElement\":[{\"@type\":\"ListItem\",\"position\":1,\"name\":\"Portada\",\"item\":\"https:\/\/hydrogeeks2.safeland.es\/\"},{\"@type\":\"ListItem\",\"position\":2,\"name\":\"Shop\",\"item\":\"https:\/\/hydrogeeks2.safeland.es\/?page_id=27\"},{\"@type\":\"ListItem\",\"position\":3,\"name\":\"Nexus 2000 DIN INSTRUMENTO DE ANALISIS\"}]},{\"@type\":\"WebSite\",\"@id\":\"https:\/\/hydrogeeks2.safeland.es\/#website\",\"url\":\"https:\/\/hydrogeeks2.safeland.es\/\",\"name\":\"Hydrogeeks\",\"description\":\"\",\"potentialAction\":[{\"@type\":\"SearchAction\",\"target\":{\"@type\":\"EntryPoint\",\"urlTemplate\":\"https:\/\/hydrogeeks2.safeland.es\/?s={search_term_string}\"},\"query-input\":{\"@type\":\"PropertyValueSpecification\",\"valueRequired\":true,\"valueName\":\"search_term_string\"}}],\"inLanguage\":\"es\"}]}<\/script>\n<!-- \/ Yoast SEO plugin. -->","yoast_head_json":{"title":"Nexus 2000 DIN INSTRUMENTO DE ANALISIS - Hydrogeeks","robots":{"index":"index","follow":"follow","max-snippet":"max-snippet:-1","max-image-preview":"max-image-preview:large","max-video-preview":"max-video-preview:-1"},"canonical":"https:\/\/hydrogeeks2.safeland.es\/?product=nexus-2000-din","og_locale":"es_ES","og_type":"article","og_title":"Nexus 2000 DIN INSTRUMENTO DE ANALISIS - Hydrogeeks","og_description":"Este instrumento est\u00e1 dise\u00f1ado para una monitorizaci\u00f3n y dosificaci\u00f3n precisas, ofreciendo una variedad de funciones avanzadas. \u25cf DIN RAIL VERSION \u25cf 6 module \u25cf IP40 Protection \u25cf 100\/240 VAC 50\/60Hz 5W","og_url":"https:\/\/hydrogeeks2.safeland.es\/?product=nexus-2000-din","og_site_name":"Hydrogeeks","article_modified_time":"2026-02-23T12:41:42+00:00","og_image":[{"width":203,"height":198,"url":"https:\/\/hydrogeeks2.safeland.es\/wp-content\/uploads\/2025\/08\/nexus2000din.png","type":"image\/png"}],"twitter_card":"summary_large_image","twitter_misc":{"Tiempo de lectura":"2 minutos"},"schema":{"@context":"https:\/\/schema.org","@graph":[{"@type":"WebPage","@id":"https:\/\/hydrogeeks2.safeland.es\/?product=nexus-2000-din","url":"https:\/\/hydrogeeks2.safeland.es\/?product=nexus-2000-din","name":"Nexus 2000 DIN INSTRUMENTO DE ANALISIS - Hydrogeeks","isPartOf":{"@id":"https:\/\/hydrogeeks2.safeland.es\/#website"},"primaryImageOfPage":{"@id":"https:\/\/hydrogeeks2.safeland.es\/?product=nexus-2000-din#primaryimage"},"image":{"@id":"https:\/\/hydrogeeks2.safeland.es\/?product=nexus-2000-din#primaryimage"},"thumbnailUrl":"https:\/\/hydrogeeks2.safeland.es\/wp-content\/uploads\/2025\/08\/nexus2000din.png","datePublished":"2025-08-05T17:34:38+00:00","dateModified":"2026-02-23T12:41:42+00:00","breadcrumb":{"@id":"https:\/\/hydrogeeks2.safeland.es\/?product=nexus-2000-din#breadcrumb"},"inLanguage":"es","potentialAction":[{"@type":"ReadAction","target":["https:\/\/hydrogeeks2.safeland.es\/?product=nexus-2000-din"]}]},{"@type":"ImageObject","inLanguage":"es","@id":"https:\/\/hydrogeeks2.safeland.es\/?product=nexus-2000-din#primaryimage","url":"https:\/\/hydrogeeks2.safeland.es\/wp-content\/uploads\/2025\/08\/nexus2000din.png","contentUrl":"https:\/\/hydrogeeks2.safeland.es\/wp-content\/uploads\/2025\/08\/nexus2000din.png","width":203,"height":198},{"@type":"BreadcrumbList","@id":"https:\/\/hydrogeeks2.safeland.es\/?product=nexus-2000-din#breadcrumb","itemListElement":[{"@type":"ListItem","position":1,"name":"Portada","item":"https:\/\/hydrogeeks2.safeland.es\/"},{"@type":"ListItem","position":2,"name":"Shop","item":"https:\/\/hydrogeeks2.safeland.es\/?page_id=27"},{"@type":"ListItem","position":3,"name":"Nexus 2000 DIN INSTRUMENTO DE ANALISIS"}]},{"@type":"WebSite","@id":"https:\/\/hydrogeeks2.safeland.es\/#website","url":"https:\/\/hydrogeeks2.safeland.es\/","name":"Hydrogeeks","description":"","potentialAction":[{"@type":"SearchAction","target":{"@type":"EntryPoint","urlTemplate":"https:\/\/hydrogeeks2.safeland.es\/?s={search_term_string}"},"query-input":{"@type":"PropertyValueSpecification","valueRequired":true,"valueName":"search_term_string"}}],"inLanguage":"es"}]}},"_links":{"self":[{"href":"https:\/\/hydrogeeks2.safeland.es\/index.php?rest_route=\/wp\/v2\/product\/3068","targetHints":{"allow":["GET"]}}],"collection":[{"href":"https:\/\/hydrogeeks2.safeland.es\/index.php?rest_route=\/wp\/v2\/product"}],"about":[{"href":"https:\/\/hydrogeeks2.safeland.es\/index.php?rest_route=\/wp\/v2\/types\/product"}],"replies":[{"embeddable":true,"href":"https:\/\/hydrogeeks2.safeland.es\/index.php?rest_route=%2Fwp%2Fv2%2Fcomments&post=3068"}],"version-history":[{"count":2,"href":"https:\/\/hydrogeeks2.safeland.es\/index.php?rest_route=\/wp\/v2\/product\/3068\/revisions"}],"predecessor-version":[{"id":6317,"href":"https:\/\/hydrogeeks2.safeland.es\/index.php?rest_route=\/wp\/v2\/product\/3068\/revisions\/6317"}],"wp:featuredmedia":[{"embeddable":true,"href":"https:\/\/hydrogeeks2.safeland.es\/index.php?rest_route=\/wp\/v2\/media\/3010"}],"wp:attachment":[{"href":"https:\/\/hydrogeeks2.safeland.es\/index.php?rest_route=%2Fwp%2Fv2%2Fmedia&parent=3068"}],"wp:term":[{"taxonomy":"product_brand","embeddable":true,"href":"https:\/\/hydrogeeks2.safeland.es\/index.php?rest_route=%2Fwp%2Fv2%2Fproduct_brand&post=3068"},{"taxonomy":"product_cat","embeddable":true,"href":"https:\/\/hydrogeeks2.safeland.es\/index.php?rest_route=%2Fwp%2Fv2%2Fproduct_cat&post=3068"},{"taxonomy":"product_tag","embeddable":true,"href":"https:\/\/hydrogeeks2.safeland.es\/index.php?rest_route=%2Fwp%2Fv2%2Fproduct_tag&post=3068"}],"curies":[{"name":"wp","href":"https:\/\/api.w.org\/{rel}","templated":true}]}}