{"id":3284,"date":"2025-08-11T05:40:35","date_gmt":"2025-08-11T05:40:35","guid":{"rendered":"https:\/\/hydrogeeks2.safeland.es\/?post_type=product&#038;p=3284"},"modified":"2026-02-23T12:07:03","modified_gmt":"2026-02-23T12:07:03","slug":"nexus-5000-144x144-power-supply-100-%c3%b7-240-vac","status":"publish","type":"product","link":"https:\/\/hydrogeeks2.safeland.es\/?product=nexus-5000-144x144-power-supply-100-%c3%b7-240-vac","title":{"rendered":"Nexus.5000  144X144 Power Supply 100 \u00f7 240 Vac INSTRUMENTO DE ANALISIS"},"content":{"rendered":"<h3><b>Caracter\u00edsticas y Funciones del Producto<\/b><\/h3>\n<h3><b>Funciones Principales<\/b><\/h3>\n<p>&nbsp;<\/p>\n<ul>\n<li><b>Entrada de voltaje externa:<\/b> El equipo est\u00e1 dotado de una entrada de voltaje (15 a 30 V AC\/DC) para suspender las funciones de medici\u00f3n y dosificaci\u00f3n a trav\u00e9s de un sistema de control remoto.<\/li>\n<li><b>Salida 4-20 mA:<\/b> Una soluci\u00f3n ideal para conectar a un registrador o a un sistema de adquisici\u00f3n de datos.<\/li>\n<li><b>Escalas de medici\u00f3n seleccionables:<\/b> Permite seleccionar la escala de medici\u00f3n disponible desde el men\u00fa de programaci\u00f3n, lo que asegura una gran versatilidad con un solo instrumento.<\/li>\n<li><b>Pantalla digital:<\/b> Su pantalla digital, con LEDs azules de alta eficiencia y 2 l\u00edneas de 16 d\u00edgitos, permite ver simult\u00e1neamente dos par\u00e1metros: la medici\u00f3n qu\u00edmica y la temperatura.<\/li>\n<li><b>Calibraci\u00f3n autom\u00e1tica:<\/b> El instrumento reconoce la soluci\u00f3n tamp\u00f3n (pH y Redox) y completa la calibraci\u00f3n, suspendiendo la dosificaci\u00f3n (funci\u00f3n HOLD) y mostrando la eficiencia del electrodo en porcentaje.<\/li>\n<\/ul>\n<h3><b>Caracter\u00edsticas Adicionales<\/b><\/h3>\n<p>&nbsp;<\/p>\n<ul>\n<li><b>Men\u00fa multi-idioma<\/b>.<\/li>\n<li><b>Protecci\u00f3n con contrase\u00f1a<\/b> para el men\u00fa de configuraci\u00f3n.<\/li>\n<li><b>Estad\u00edsticas de activaci\u00f3n de rel\u00e9s<\/b>.<\/li>\n<li><b>Control manual<\/b> de todas las funciones.<\/li>\n<li><b>Control de calidad<\/b> de las sondas de medici\u00f3n.<\/li>\n<li><b>OFA (Over Feed Alarm)<\/b>: Alarma de exceso de dosificaci\u00f3n temporizada.<\/li>\n<li>Banda de alarma configurable con valores m\u00ednimos y m\u00e1ximos.<\/li>\n<li>Dosificaci\u00f3n proporcional a trav\u00e9s de puntos de ajuste.<br \/>\n<strong><br \/>\nPower Supply 100 \u00f7 240 Vac<br \/>\n&#8211; Single Parameter, PID function<br \/>\n&#8211; Box 144&#215;144<br \/>\n&#8211; IP65<br \/>\n&#8211; 50\u00f7150\u00b0C Temp.<br \/>\n&#8211; Accuracy: 0,1% Full Scale<br \/>\n&#8211; 2 Relays: 250 VAC and 5 A<br \/>\n&#8211; 2 SSR: (Solid State Relay)<br \/>\n&#8211; 2 Out mA: 4\u00f720 mA 800Ohm<br \/>\n&#8211; Power Supply: 100\u00f7240 Vac<br \/>\n&#8211; pr model without bnc connector<br \/>\n<\/strong><\/li>\n<\/ul>\n","protected":false},"excerpt":{"rendered":"<p>Este instrumento est\u00e1 dise\u00f1ado para una monitorizaci\u00f3n y dosificaci\u00f3n precisas, ofreciendo una variedad de funciones avanzadas.<br \/>\n&#8211; Single Parameter, PID function<br \/>\n&#8211; Box 144&#215;144<br \/>\n&#8211; IP65<br \/>\n&#8211; 50\u00f7150\u00b0C Temp.<br \/>\n&#8211; Accuracy: 0,1% Full Scale<br \/>\n&#8211; 2 Relays: 250 VAC and 5 A<br \/>\n&#8211; 2 SSR: (Solid State Relay)<br \/>\n&#8211; 2 Out mA: 4\u00f720 mA 800Ohm<br \/>\n&#8211; Power Supply: 100\u00f7240 Vac<br \/>\n&#8211; pr model without bnc connector<\/p>\n","protected":false},"featured_media":3291,"comment_status":"open","ping_status":"closed","template":"","meta":[],"product_brand":[30],"product_cat":[37,69],"product_tag":[],"class_list":{"0":"post-3284","1":"product","2":"type-product","3":"status-publish","4":"has-post-thumbnail","6":"product_brand-injecta","7":"product_cat-medicion","8":"product_cat-nexus","10":"first","11":"instock","12":"sale","13":"taxable","14":"shipping-taxable","15":"purchasable","16":"product-type-variable"},"yoast_head":"<!-- This site is optimized with the Yoast SEO plugin v25.5 - https:\/\/yoast.com\/wordpress\/plugins\/seo\/ -->\n<title>Nexus.5000 144X144 Power Supply 100 \u00f7 240 Vac INSTRUMENTO DE ANALISIS - Hydrogeeks<\/title>\n<meta name=\"robots\" content=\"index, follow, max-snippet:-1, max-image-preview:large, max-video-preview:-1\" \/>\n<link rel=\"canonical\" href=\"https:\/\/hydrogeeks2.safeland.es\/?product=nexus-5000-144x144-power-supply-100-\u00f7-240-vac\" \/>\n<meta property=\"og:locale\" content=\"es_ES\" \/>\n<meta property=\"og:type\" content=\"article\" \/>\n<meta property=\"og:title\" content=\"Nexus.5000 144X144 Power Supply 100 \u00f7 240 Vac INSTRUMENTO DE ANALISIS - Hydrogeeks\" \/>\n<meta property=\"og:description\" content=\"Este instrumento est\u00e1 dise\u00f1ado para una monitorizaci\u00f3n y dosificaci\u00f3n precisas, ofreciendo una variedad de funciones avanzadas. - Single Parameter, PID function - Box 144x144 - IP65 - 50\u00f7150\u00b0C Temp. - Accuracy: 0,1% Full Scale - 2 Relays: 250 VAC and 5 A - 2 SSR: (Solid State Relay) - 2 Out mA: 4\u00f720 mA 800Ohm - Power Supply: 100\u00f7240 Vac - pr model without bnc connector\" \/>\n<meta property=\"og:url\" content=\"https:\/\/hydrogeeks2.safeland.es\/?product=nexus-5000-144x144-power-supply-100-\u00f7-240-vac\" \/>\n<meta property=\"og:site_name\" content=\"Hydrogeeks\" \/>\n<meta property=\"article:modified_time\" content=\"2026-02-23T12:07:03+00:00\" \/>\n<meta property=\"og:image\" content=\"https:\/\/hydrogeeks2.safeland.es\/wp-content\/uploads\/2025\/08\/Picture3.jpg\" \/>\n\t<meta property=\"og:image:width\" content=\"316\" \/>\n\t<meta property=\"og:image:height\" content=\"385\" \/>\n\t<meta property=\"og:image:type\" content=\"image\/jpeg\" \/>\n<meta name=\"twitter:card\" content=\"summary_large_image\" \/>\n<meta name=\"twitter:label1\" content=\"Tiempo de lectura\" \/>\n\t<meta name=\"twitter:data1\" content=\"2 minutos\" \/>\n<script type=\"application\/ld+json\" class=\"yoast-schema-graph\">{\"@context\":\"https:\/\/schema.org\",\"@graph\":[{\"@type\":\"WebPage\",\"@id\":\"https:\/\/hydrogeeks2.safeland.es\/?product=nexus-5000-144x144-power-supply-100-%c3%b7-240-vac\",\"url\":\"https:\/\/hydrogeeks2.safeland.es\/?product=nexus-5000-144x144-power-supply-100-%c3%b7-240-vac\",\"name\":\"Nexus.5000 144X144 Power Supply 100 \u00f7 240 Vac INSTRUMENTO DE ANALISIS - Hydrogeeks\",\"isPartOf\":{\"@id\":\"https:\/\/hydrogeeks2.safeland.es\/#website\"},\"primaryImageOfPage\":{\"@id\":\"https:\/\/hydrogeeks2.safeland.es\/?product=nexus-5000-144x144-power-supply-100-%c3%b7-240-vac#primaryimage\"},\"image\":{\"@id\":\"https:\/\/hydrogeeks2.safeland.es\/?product=nexus-5000-144x144-power-supply-100-%c3%b7-240-vac#primaryimage\"},\"thumbnailUrl\":\"https:\/\/hydrogeeks2.safeland.es\/wp-content\/uploads\/2025\/08\/Picture3.jpg\",\"datePublished\":\"2025-08-11T05:40:35+00:00\",\"dateModified\":\"2026-02-23T12:07:03+00:00\",\"breadcrumb\":{\"@id\":\"https:\/\/hydrogeeks2.safeland.es\/?product=nexus-5000-144x144-power-supply-100-%c3%b7-240-vac#breadcrumb\"},\"inLanguage\":\"es\",\"potentialAction\":[{\"@type\":\"ReadAction\",\"target\":[\"https:\/\/hydrogeeks2.safeland.es\/?product=nexus-5000-144x144-power-supply-100-%c3%b7-240-vac\"]}]},{\"@type\":\"ImageObject\",\"inLanguage\":\"es\",\"@id\":\"https:\/\/hydrogeeks2.safeland.es\/?product=nexus-5000-144x144-power-supply-100-%c3%b7-240-vac#primaryimage\",\"url\":\"https:\/\/hydrogeeks2.safeland.es\/wp-content\/uploads\/2025\/08\/Picture3.jpg\",\"contentUrl\":\"https:\/\/hydrogeeks2.safeland.es\/wp-content\/uploads\/2025\/08\/Picture3.jpg\",\"width\":316,\"height\":385},{\"@type\":\"BreadcrumbList\",\"@id\":\"https:\/\/hydrogeeks2.safeland.es\/?product=nexus-5000-144x144-power-supply-100-%c3%b7-240-vac#breadcrumb\",\"itemListElement\":[{\"@type\":\"ListItem\",\"position\":1,\"name\":\"Portada\",\"item\":\"https:\/\/hydrogeeks2.safeland.es\/\"},{\"@type\":\"ListItem\",\"position\":2,\"name\":\"Shop\",\"item\":\"https:\/\/hydrogeeks2.safeland.es\/?page_id=27\"},{\"@type\":\"ListItem\",\"position\":3,\"name\":\"Nexus.5000 144X144 Power Supply 100 \u00f7 240 Vac INSTRUMENTO DE ANALISIS\"}]},{\"@type\":\"WebSite\",\"@id\":\"https:\/\/hydrogeeks2.safeland.es\/#website\",\"url\":\"https:\/\/hydrogeeks2.safeland.es\/\",\"name\":\"Hydrogeeks\",\"description\":\"\",\"potentialAction\":[{\"@type\":\"SearchAction\",\"target\":{\"@type\":\"EntryPoint\",\"urlTemplate\":\"https:\/\/hydrogeeks2.safeland.es\/?s={search_term_string}\"},\"query-input\":{\"@type\":\"PropertyValueSpecification\",\"valueRequired\":true,\"valueName\":\"search_term_string\"}}],\"inLanguage\":\"es\"}]}<\/script>\n<!-- \/ Yoast SEO plugin. -->","yoast_head_json":{"title":"Nexus.5000 144X144 Power Supply 100 \u00f7 240 Vac INSTRUMENTO DE ANALISIS - Hydrogeeks","robots":{"index":"index","follow":"follow","max-snippet":"max-snippet:-1","max-image-preview":"max-image-preview:large","max-video-preview":"max-video-preview:-1"},"canonical":"https:\/\/hydrogeeks2.safeland.es\/?product=nexus-5000-144x144-power-supply-100-\u00f7-240-vac","og_locale":"es_ES","og_type":"article","og_title":"Nexus.5000 144X144 Power Supply 100 \u00f7 240 Vac INSTRUMENTO DE ANALISIS - Hydrogeeks","og_description":"Este instrumento est\u00e1 dise\u00f1ado para una monitorizaci\u00f3n y dosificaci\u00f3n precisas, ofreciendo una variedad de funciones avanzadas. - Single Parameter, PID function - Box 144x144 - IP65 - 50\u00f7150\u00b0C Temp. - Accuracy: 0,1% Full Scale - 2 Relays: 250 VAC and 5 A - 2 SSR: (Solid State Relay) - 2 Out mA: 4\u00f720 mA 800Ohm - Power Supply: 100\u00f7240 Vac - pr model without bnc connector","og_url":"https:\/\/hydrogeeks2.safeland.es\/?product=nexus-5000-144x144-power-supply-100-\u00f7-240-vac","og_site_name":"Hydrogeeks","article_modified_time":"2026-02-23T12:07:03+00:00","og_image":[{"width":316,"height":385,"url":"https:\/\/hydrogeeks2.safeland.es\/wp-content\/uploads\/2025\/08\/Picture3.jpg","type":"image\/jpeg"}],"twitter_card":"summary_large_image","twitter_misc":{"Tiempo de lectura":"2 minutos"},"schema":{"@context":"https:\/\/schema.org","@graph":[{"@type":"WebPage","@id":"https:\/\/hydrogeeks2.safeland.es\/?product=nexus-5000-144x144-power-supply-100-%c3%b7-240-vac","url":"https:\/\/hydrogeeks2.safeland.es\/?product=nexus-5000-144x144-power-supply-100-%c3%b7-240-vac","name":"Nexus.5000 144X144 Power Supply 100 \u00f7 240 Vac INSTRUMENTO DE ANALISIS - Hydrogeeks","isPartOf":{"@id":"https:\/\/hydrogeeks2.safeland.es\/#website"},"primaryImageOfPage":{"@id":"https:\/\/hydrogeeks2.safeland.es\/?product=nexus-5000-144x144-power-supply-100-%c3%b7-240-vac#primaryimage"},"image":{"@id":"https:\/\/hydrogeeks2.safeland.es\/?product=nexus-5000-144x144-power-supply-100-%c3%b7-240-vac#primaryimage"},"thumbnailUrl":"https:\/\/hydrogeeks2.safeland.es\/wp-content\/uploads\/2025\/08\/Picture3.jpg","datePublished":"2025-08-11T05:40:35+00:00","dateModified":"2026-02-23T12:07:03+00:00","breadcrumb":{"@id":"https:\/\/hydrogeeks2.safeland.es\/?product=nexus-5000-144x144-power-supply-100-%c3%b7-240-vac#breadcrumb"},"inLanguage":"es","potentialAction":[{"@type":"ReadAction","target":["https:\/\/hydrogeeks2.safeland.es\/?product=nexus-5000-144x144-power-supply-100-%c3%b7-240-vac"]}]},{"@type":"ImageObject","inLanguage":"es","@id":"https:\/\/hydrogeeks2.safeland.es\/?product=nexus-5000-144x144-power-supply-100-%c3%b7-240-vac#primaryimage","url":"https:\/\/hydrogeeks2.safeland.es\/wp-content\/uploads\/2025\/08\/Picture3.jpg","contentUrl":"https:\/\/hydrogeeks2.safeland.es\/wp-content\/uploads\/2025\/08\/Picture3.jpg","width":316,"height":385},{"@type":"BreadcrumbList","@id":"https:\/\/hydrogeeks2.safeland.es\/?product=nexus-5000-144x144-power-supply-100-%c3%b7-240-vac#breadcrumb","itemListElement":[{"@type":"ListItem","position":1,"name":"Portada","item":"https:\/\/hydrogeeks2.safeland.es\/"},{"@type":"ListItem","position":2,"name":"Shop","item":"https:\/\/hydrogeeks2.safeland.es\/?page_id=27"},{"@type":"ListItem","position":3,"name":"Nexus.5000 144X144 Power Supply 100 \u00f7 240 Vac INSTRUMENTO DE ANALISIS"}]},{"@type":"WebSite","@id":"https:\/\/hydrogeeks2.safeland.es\/#website","url":"https:\/\/hydrogeeks2.safeland.es\/","name":"Hydrogeeks","description":"","potentialAction":[{"@type":"SearchAction","target":{"@type":"EntryPoint","urlTemplate":"https:\/\/hydrogeeks2.safeland.es\/?s={search_term_string}"},"query-input":{"@type":"PropertyValueSpecification","valueRequired":true,"valueName":"search_term_string"}}],"inLanguage":"es"}]}},"_links":{"self":[{"href":"https:\/\/hydrogeeks2.safeland.es\/index.php?rest_route=\/wp\/v2\/product\/3284","targetHints":{"allow":["GET"]}}],"collection":[{"href":"https:\/\/hydrogeeks2.safeland.es\/index.php?rest_route=\/wp\/v2\/product"}],"about":[{"href":"https:\/\/hydrogeeks2.safeland.es\/index.php?rest_route=\/wp\/v2\/types\/product"}],"replies":[{"embeddable":true,"href":"https:\/\/hydrogeeks2.safeland.es\/index.php?rest_route=%2Fwp%2Fv2%2Fcomments&post=3284"}],"version-history":[{"count":4,"href":"https:\/\/hydrogeeks2.safeland.es\/index.php?rest_route=\/wp\/v2\/product\/3284\/revisions"}],"predecessor-version":[{"id":6280,"href":"https:\/\/hydrogeeks2.safeland.es\/index.php?rest_route=\/wp\/v2\/product\/3284\/revisions\/6280"}],"wp:featuredmedia":[{"embeddable":true,"href":"https:\/\/hydrogeeks2.safeland.es\/index.php?rest_route=\/wp\/v2\/media\/3291"}],"wp:attachment":[{"href":"https:\/\/hydrogeeks2.safeland.es\/index.php?rest_route=%2Fwp%2Fv2%2Fmedia&parent=3284"}],"wp:term":[{"taxonomy":"product_brand","embeddable":true,"href":"https:\/\/hydrogeeks2.safeland.es\/index.php?rest_route=%2Fwp%2Fv2%2Fproduct_brand&post=3284"},{"taxonomy":"product_cat","embeddable":true,"href":"https:\/\/hydrogeeks2.safeland.es\/index.php?rest_route=%2Fwp%2Fv2%2Fproduct_cat&post=3284"},{"taxonomy":"product_tag","embeddable":true,"href":"https:\/\/hydrogeeks2.safeland.es\/index.php?rest_route=%2Fwp%2Fv2%2Fproduct_tag&post=3284"}],"curies":[{"name":"wp","href":"https:\/\/api.w.org\/{rel}","templated":true}]}}