{"id":3381,"date":"2025-08-11T06:13:16","date_gmt":"2025-08-11T06:13:16","guid":{"rendered":"https:\/\/hydrogeeks2.safeland.es\/?post_type=product&#038;p=3381"},"modified":"2026-02-23T11:53:05","modified_gmt":"2026-02-23T11:53:05","slug":"nexus-5500-s-panel-version","status":"publish","type":"product","link":"https:\/\/hydrogeeks2.safeland.es\/?product=nexus-5500-s-panel-version","title":{"rendered":"PANEL VERSION Nexus 5500 S PANEL VERSION"},"content":{"rendered":"<h2><b>Caracter\u00edsticas t\u00e9cnicas<\/b><\/h2>\n<p>&nbsp;<\/p>\n<hr \/>\n<ul>\n<li style=\"list-style-type: none;\">\n<ul>\n<li><b>Alimentaci\u00f3n:<\/b> 100-240 Vca 50\/60 Hz, 15 vatios (Aislamiento El\u00e9ctrico Clase 2).<\/li>\n<li><b>Temperatura de funcionamiento:<\/b> 0 a 40 \u00b0C, humedad relativa de 0 a 95% (sin condensaci\u00f3n).<\/li>\n<li><b>Pantalla:<\/b> Gr\u00e1fica de 240&#215;128 p\u00edxeles con retroiluminaci\u00f3n.<\/li>\n<li><b>Teclado:<\/b> 5 teclas.<\/li>\n<li><b>Salidas:<\/b>\n<ul>\n<li><b>Salida 4-20 mA<\/b> (carga resistiva de 250 Vca 5 A)\n<ul>\n<li>Dos salidas de medida programables e independientes con regulaci\u00f3n proporcional.<\/li>\n<\/ul>\n<\/li>\n<li><b>Rel\u00e9 de Estado S\u00f3lido (SSR)<\/b>\n<ul>\n<li>Dos salidas de se\u00f1al por frecuencia, con dos puntos de consigna (<i>set points<\/i>).<\/li>\n<\/ul>\n<\/li>\n<li><b>Contacto de rel\u00e9<\/b>\n<ul>\n<li>Cuatro rel\u00e9s independientes configurables por software para: dos puntos de consigna, alarma remota y contralavado de sonda.<\/li>\n<li>Modos de funcionamiento: On\/Off, Temporizado y Proporcional (PWM).<\/li>\n<\/ul>\n<\/li>\n<\/ul>\n<\/li>\n<\/ul>\n<\/li>\n<\/ul>\n","protected":false},"excerpt":{"rendered":"<p>\u25cf PANEL VERSION<br \/>\n\u25cf 96x96x80 mm<br \/>\n\u25cf 100\/240 vac 50\/60hz 10W<\/p>\n","protected":false},"featured_media":3388,"comment_status":"open","ping_status":"closed","template":"","meta":[],"product_brand":[30],"product_cat":[37,69],"product_tag":[],"class_list":{"0":"post-3381","1":"product","2":"type-product","3":"status-publish","4":"has-post-thumbnail","6":"product_brand-injecta","7":"product_cat-medicion","8":"product_cat-nexus","10":"first","11":"instock","12":"sale","13":"taxable","14":"shipping-taxable","15":"purchasable","16":"product-type-variable"},"yoast_head":"<!-- This site is optimized with the Yoast SEO plugin v25.5 - https:\/\/yoast.com\/wordpress\/plugins\/seo\/ -->\n<title>PANEL VERSION Nexus 5500 S PANEL VERSION - Hydrogeeks<\/title>\n<meta name=\"robots\" content=\"index, follow, max-snippet:-1, max-image-preview:large, max-video-preview:-1\" \/>\n<link rel=\"canonical\" href=\"https:\/\/hydrogeeks2.safeland.es\/?product=nexus-5500-s-panel-version\" \/>\n<meta property=\"og:locale\" content=\"es_ES\" \/>\n<meta property=\"og:type\" content=\"article\" \/>\n<meta property=\"og:title\" content=\"PANEL VERSION Nexus 5500 S PANEL VERSION - Hydrogeeks\" \/>\n<meta property=\"og:description\" content=\"\u25cf PANEL VERSION \u25cf 96x96x80 mm \u25cf 100\/240 vac 50\/60hz 10W\" \/>\n<meta property=\"og:url\" content=\"https:\/\/hydrogeeks2.safeland.es\/?product=nexus-5500-s-panel-version\" \/>\n<meta property=\"og:site_name\" content=\"Hydrogeeks\" \/>\n<meta property=\"article:modified_time\" content=\"2026-02-23T11:53:05+00:00\" \/>\n<meta property=\"og:image\" content=\"https:\/\/hydrogeeks2.safeland.es\/wp-content\/uploads\/2025\/08\/Picture5.png\" \/>\n\t<meta property=\"og:image:width\" content=\"203\" \/>\n\t<meta property=\"og:image:height\" content=\"214\" \/>\n\t<meta property=\"og:image:type\" content=\"image\/png\" \/>\n<meta name=\"twitter:card\" content=\"summary_large_image\" \/>\n<meta name=\"twitter:label1\" content=\"Tiempo de lectura\" \/>\n\t<meta name=\"twitter:data1\" content=\"1 minuto\" \/>\n<script type=\"application\/ld+json\" class=\"yoast-schema-graph\">{\"@context\":\"https:\/\/schema.org\",\"@graph\":[{\"@type\":\"WebPage\",\"@id\":\"https:\/\/hydrogeeks2.safeland.es\/?product=nexus-5500-s-panel-version\",\"url\":\"https:\/\/hydrogeeks2.safeland.es\/?product=nexus-5500-s-panel-version\",\"name\":\"PANEL VERSION Nexus 5500 S PANEL VERSION - Hydrogeeks\",\"isPartOf\":{\"@id\":\"https:\/\/hydrogeeks2.safeland.es\/#website\"},\"primaryImageOfPage\":{\"@id\":\"https:\/\/hydrogeeks2.safeland.es\/?product=nexus-5500-s-panel-version#primaryimage\"},\"image\":{\"@id\":\"https:\/\/hydrogeeks2.safeland.es\/?product=nexus-5500-s-panel-version#primaryimage\"},\"thumbnailUrl\":\"https:\/\/hydrogeeks2.safeland.es\/wp-content\/uploads\/2025\/08\/Picture5.png\",\"datePublished\":\"2025-08-11T06:13:16+00:00\",\"dateModified\":\"2026-02-23T11:53:05+00:00\",\"breadcrumb\":{\"@id\":\"https:\/\/hydrogeeks2.safeland.es\/?product=nexus-5500-s-panel-version#breadcrumb\"},\"inLanguage\":\"es\",\"potentialAction\":[{\"@type\":\"ReadAction\",\"target\":[\"https:\/\/hydrogeeks2.safeland.es\/?product=nexus-5500-s-panel-version\"]}]},{\"@type\":\"ImageObject\",\"inLanguage\":\"es\",\"@id\":\"https:\/\/hydrogeeks2.safeland.es\/?product=nexus-5500-s-panel-version#primaryimage\",\"url\":\"https:\/\/hydrogeeks2.safeland.es\/wp-content\/uploads\/2025\/08\/Picture5.png\",\"contentUrl\":\"https:\/\/hydrogeeks2.safeland.es\/wp-content\/uploads\/2025\/08\/Picture5.png\",\"width\":203,\"height\":214},{\"@type\":\"BreadcrumbList\",\"@id\":\"https:\/\/hydrogeeks2.safeland.es\/?product=nexus-5500-s-panel-version#breadcrumb\",\"itemListElement\":[{\"@type\":\"ListItem\",\"position\":1,\"name\":\"Portada\",\"item\":\"https:\/\/hydrogeeks2.safeland.es\/\"},{\"@type\":\"ListItem\",\"position\":2,\"name\":\"Shop\",\"item\":\"https:\/\/hydrogeeks2.safeland.es\/?page_id=27\"},{\"@type\":\"ListItem\",\"position\":3,\"name\":\"PANEL VERSION Nexus 5500 S PANEL VERSION\"}]},{\"@type\":\"WebSite\",\"@id\":\"https:\/\/hydrogeeks2.safeland.es\/#website\",\"url\":\"https:\/\/hydrogeeks2.safeland.es\/\",\"name\":\"Hydrogeeks\",\"description\":\"\",\"potentialAction\":[{\"@type\":\"SearchAction\",\"target\":{\"@type\":\"EntryPoint\",\"urlTemplate\":\"https:\/\/hydrogeeks2.safeland.es\/?s={search_term_string}\"},\"query-input\":{\"@type\":\"PropertyValueSpecification\",\"valueRequired\":true,\"valueName\":\"search_term_string\"}}],\"inLanguage\":\"es\"}]}<\/script>\n<!-- \/ Yoast SEO plugin. -->","yoast_head_json":{"title":"PANEL VERSION Nexus 5500 S PANEL VERSION - Hydrogeeks","robots":{"index":"index","follow":"follow","max-snippet":"max-snippet:-1","max-image-preview":"max-image-preview:large","max-video-preview":"max-video-preview:-1"},"canonical":"https:\/\/hydrogeeks2.safeland.es\/?product=nexus-5500-s-panel-version","og_locale":"es_ES","og_type":"article","og_title":"PANEL VERSION Nexus 5500 S PANEL VERSION - Hydrogeeks","og_description":"\u25cf PANEL VERSION \u25cf 96x96x80 mm \u25cf 100\/240 vac 50\/60hz 10W","og_url":"https:\/\/hydrogeeks2.safeland.es\/?product=nexus-5500-s-panel-version","og_site_name":"Hydrogeeks","article_modified_time":"2026-02-23T11:53:05+00:00","og_image":[{"width":203,"height":214,"url":"https:\/\/hydrogeeks2.safeland.es\/wp-content\/uploads\/2025\/08\/Picture5.png","type":"image\/png"}],"twitter_card":"summary_large_image","twitter_misc":{"Tiempo de lectura":"1 minuto"},"schema":{"@context":"https:\/\/schema.org","@graph":[{"@type":"WebPage","@id":"https:\/\/hydrogeeks2.safeland.es\/?product=nexus-5500-s-panel-version","url":"https:\/\/hydrogeeks2.safeland.es\/?product=nexus-5500-s-panel-version","name":"PANEL VERSION Nexus 5500 S PANEL VERSION - Hydrogeeks","isPartOf":{"@id":"https:\/\/hydrogeeks2.safeland.es\/#website"},"primaryImageOfPage":{"@id":"https:\/\/hydrogeeks2.safeland.es\/?product=nexus-5500-s-panel-version#primaryimage"},"image":{"@id":"https:\/\/hydrogeeks2.safeland.es\/?product=nexus-5500-s-panel-version#primaryimage"},"thumbnailUrl":"https:\/\/hydrogeeks2.safeland.es\/wp-content\/uploads\/2025\/08\/Picture5.png","datePublished":"2025-08-11T06:13:16+00:00","dateModified":"2026-02-23T11:53:05+00:00","breadcrumb":{"@id":"https:\/\/hydrogeeks2.safeland.es\/?product=nexus-5500-s-panel-version#breadcrumb"},"inLanguage":"es","potentialAction":[{"@type":"ReadAction","target":["https:\/\/hydrogeeks2.safeland.es\/?product=nexus-5500-s-panel-version"]}]},{"@type":"ImageObject","inLanguage":"es","@id":"https:\/\/hydrogeeks2.safeland.es\/?product=nexus-5500-s-panel-version#primaryimage","url":"https:\/\/hydrogeeks2.safeland.es\/wp-content\/uploads\/2025\/08\/Picture5.png","contentUrl":"https:\/\/hydrogeeks2.safeland.es\/wp-content\/uploads\/2025\/08\/Picture5.png","width":203,"height":214},{"@type":"BreadcrumbList","@id":"https:\/\/hydrogeeks2.safeland.es\/?product=nexus-5500-s-panel-version#breadcrumb","itemListElement":[{"@type":"ListItem","position":1,"name":"Portada","item":"https:\/\/hydrogeeks2.safeland.es\/"},{"@type":"ListItem","position":2,"name":"Shop","item":"https:\/\/hydrogeeks2.safeland.es\/?page_id=27"},{"@type":"ListItem","position":3,"name":"PANEL VERSION Nexus 5500 S PANEL VERSION"}]},{"@type":"WebSite","@id":"https:\/\/hydrogeeks2.safeland.es\/#website","url":"https:\/\/hydrogeeks2.safeland.es\/","name":"Hydrogeeks","description":"","potentialAction":[{"@type":"SearchAction","target":{"@type":"EntryPoint","urlTemplate":"https:\/\/hydrogeeks2.safeland.es\/?s={search_term_string}"},"query-input":{"@type":"PropertyValueSpecification","valueRequired":true,"valueName":"search_term_string"}}],"inLanguage":"es"}]}},"_links":{"self":[{"href":"https:\/\/hydrogeeks2.safeland.es\/index.php?rest_route=\/wp\/v2\/product\/3381","targetHints":{"allow":["GET"]}}],"collection":[{"href":"https:\/\/hydrogeeks2.safeland.es\/index.php?rest_route=\/wp\/v2\/product"}],"about":[{"href":"https:\/\/hydrogeeks2.safeland.es\/index.php?rest_route=\/wp\/v2\/types\/product"}],"replies":[{"embeddable":true,"href":"https:\/\/hydrogeeks2.safeland.es\/index.php?rest_route=%2Fwp%2Fv2%2Fcomments&post=3381"}],"version-history":[{"count":2,"href":"https:\/\/hydrogeeks2.safeland.es\/index.php?rest_route=\/wp\/v2\/product\/3381\/revisions"}],"predecessor-version":[{"id":6265,"href":"https:\/\/hydrogeeks2.safeland.es\/index.php?rest_route=\/wp\/v2\/product\/3381\/revisions\/6265"}],"wp:featuredmedia":[{"embeddable":true,"href":"https:\/\/hydrogeeks2.safeland.es\/index.php?rest_route=\/wp\/v2\/media\/3388"}],"wp:attachment":[{"href":"https:\/\/hydrogeeks2.safeland.es\/index.php?rest_route=%2Fwp%2Fv2%2Fmedia&parent=3381"}],"wp:term":[{"taxonomy":"product_brand","embeddable":true,"href":"https:\/\/hydrogeeks2.safeland.es\/index.php?rest_route=%2Fwp%2Fv2%2Fproduct_brand&post=3381"},{"taxonomy":"product_cat","embeddable":true,"href":"https:\/\/hydrogeeks2.safeland.es\/index.php?rest_route=%2Fwp%2Fv2%2Fproduct_cat&post=3381"},{"taxonomy":"product_tag","embeddable":true,"href":"https:\/\/hydrogeeks2.safeland.es\/index.php?rest_route=%2Fwp%2Fv2%2Fproduct_tag&post=3381"}],"curies":[{"name":"wp","href":"https:\/\/api.w.org\/{rel}","templated":true}]}}