{"id":3737,"date":"2025-09-23T11:32:41","date_gmt":"2025-09-23T11:32:41","guid":{"rendered":"https:\/\/hydrogeeks2.safeland.es\/?post_type=product&#038;p=3737"},"modified":"2026-02-23T11:29:45","modified_gmt":"2026-02-23T11:29:45","slug":"nox-100-18m","status":"publish","type":"product","link":"https:\/\/hydrogeeks2.safeland.es\/?product=nox-100-18m","title":{"rendered":"Bomba centr\u00edfuga monoetapa con velocidad variable para recirculaci\u00f3n y filtraci\u00f3n del agua. (NOX 100 18M)"},"content":{"rendered":"<p>Recirculaci\u00f3n y filtraci\u00f3n del agua para piscinas residenciales medianas. Silenciosa. Autoaspirante hasta 4m.<\/p>\n","protected":false},"excerpt":{"rendered":"<p class=\"short-title\">Bomba centr\u00edfuga monoetapa para recirculaci\u00f3n y filtraci\u00f3n del agua.<\/p>\n","protected":false},"featured_media":3729,"comment_status":"open","ping_status":"closed","template":"","meta":[],"product_brand":[29],"product_cat":[71,70],"product_tag":[],"class_list":{"0":"post-3737","1":"product","2":"type-product","3":"status-publish","4":"has-post-thumbnail","6":"product_brand-espa","7":"product_cat-bombas-para-piscinas","8":"product_cat-recirculacion-y-filtracion","10":"first","11":"instock","12":"sale","13":"taxable","14":"shipping-taxable","15":"purchasable","16":"product-type-simple"},"yoast_head":"<!-- This site is optimized with the Yoast SEO plugin v25.5 - https:\/\/yoast.com\/wordpress\/plugins\/seo\/ -->\n<title>Bomba centr\u00edfuga monoetapa con velocidad variable para recirculaci\u00f3n y filtraci\u00f3n del agua. (NOX 100 18M) - Hydrogeeks<\/title>\n<meta name=\"robots\" content=\"index, follow, max-snippet:-1, max-image-preview:large, max-video-preview:-1\" \/>\n<link rel=\"canonical\" href=\"https:\/\/hydrogeeks2.safeland.es\/?product=nox-100-18m\" \/>\n<meta property=\"og:locale\" content=\"es_ES\" \/>\n<meta property=\"og:type\" content=\"article\" \/>\n<meta property=\"og:title\" content=\"Bomba centr\u00edfuga monoetapa con velocidad variable para recirculaci\u00f3n y filtraci\u00f3n del agua. (NOX 100 18M) - Hydrogeeks\" \/>\n<meta property=\"og:description\" content=\"Bomba centr\u00edfuga monoetapa para recirculaci\u00f3n y filtraci\u00f3n del agua.\" \/>\n<meta property=\"og:url\" content=\"https:\/\/hydrogeeks2.safeland.es\/?product=nox-100-18m\" \/>\n<meta property=\"og:site_name\" content=\"Hydrogeeks\" \/>\n<meta property=\"article:modified_time\" content=\"2026-02-23T11:29:45+00:00\" \/>\n<meta property=\"og:image\" content=\"https:\/\/hydrogeeks2.safeland.es\/wp-content\/uploads\/2025\/09\/espa-nox-100-18.png\" \/>\n\t<meta property=\"og:image:width\" content=\"1024\" \/>\n\t<meta property=\"og:image:height\" content=\"749\" \/>\n\t<meta property=\"og:image:type\" content=\"image\/png\" \/>\n<meta name=\"twitter:card\" content=\"summary_large_image\" \/>\n<meta name=\"twitter:label1\" content=\"Tiempo de lectura\" \/>\n\t<meta name=\"twitter:data1\" content=\"1 minuto\" \/>\n<script type=\"application\/ld+json\" class=\"yoast-schema-graph\">{\"@context\":\"https:\/\/schema.org\",\"@graph\":[{\"@type\":\"WebPage\",\"@id\":\"https:\/\/hydrogeeks2.safeland.es\/?product=nox-100-18m\",\"url\":\"https:\/\/hydrogeeks2.safeland.es\/?product=nox-100-18m\",\"name\":\"Bomba centr\u00edfuga monoetapa con velocidad variable para recirculaci\u00f3n y filtraci\u00f3n del agua. (NOX 100 18M) - Hydrogeeks\",\"isPartOf\":{\"@id\":\"https:\/\/hydrogeeks2.safeland.es\/#website\"},\"primaryImageOfPage\":{\"@id\":\"https:\/\/hydrogeeks2.safeland.es\/?product=nox-100-18m#primaryimage\"},\"image\":{\"@id\":\"https:\/\/hydrogeeks2.safeland.es\/?product=nox-100-18m#primaryimage\"},\"thumbnailUrl\":\"https:\/\/hydrogeeks2.safeland.es\/wp-content\/uploads\/2025\/09\/espa-nox-100-18.png\",\"datePublished\":\"2025-09-23T11:32:41+00:00\",\"dateModified\":\"2026-02-23T11:29:45+00:00\",\"breadcrumb\":{\"@id\":\"https:\/\/hydrogeeks2.safeland.es\/?product=nox-100-18m#breadcrumb\"},\"inLanguage\":\"es\",\"potentialAction\":[{\"@type\":\"ReadAction\",\"target\":[\"https:\/\/hydrogeeks2.safeland.es\/?product=nox-100-18m\"]}]},{\"@type\":\"ImageObject\",\"inLanguage\":\"es\",\"@id\":\"https:\/\/hydrogeeks2.safeland.es\/?product=nox-100-18m#primaryimage\",\"url\":\"https:\/\/hydrogeeks2.safeland.es\/wp-content\/uploads\/2025\/09\/espa-nox-100-18.png\",\"contentUrl\":\"https:\/\/hydrogeeks2.safeland.es\/wp-content\/uploads\/2025\/09\/espa-nox-100-18.png\",\"width\":1024,\"height\":749},{\"@type\":\"BreadcrumbList\",\"@id\":\"https:\/\/hydrogeeks2.safeland.es\/?product=nox-100-18m#breadcrumb\",\"itemListElement\":[{\"@type\":\"ListItem\",\"position\":1,\"name\":\"Portada\",\"item\":\"https:\/\/hydrogeeks2.safeland.es\/\"},{\"@type\":\"ListItem\",\"position\":2,\"name\":\"Shop\",\"item\":\"https:\/\/hydrogeeks2.safeland.es\/?page_id=27\"},{\"@type\":\"ListItem\",\"position\":3,\"name\":\"Bomba centr\u00edfuga monoetapa con velocidad variable para recirculaci\u00f3n y filtraci\u00f3n del agua. (NOX 100 18M)\"}]},{\"@type\":\"WebSite\",\"@id\":\"https:\/\/hydrogeeks2.safeland.es\/#website\",\"url\":\"https:\/\/hydrogeeks2.safeland.es\/\",\"name\":\"Hydrogeeks\",\"description\":\"\",\"potentialAction\":[{\"@type\":\"SearchAction\",\"target\":{\"@type\":\"EntryPoint\",\"urlTemplate\":\"https:\/\/hydrogeeks2.safeland.es\/?s={search_term_string}\"},\"query-input\":{\"@type\":\"PropertyValueSpecification\",\"valueRequired\":true,\"valueName\":\"search_term_string\"}}],\"inLanguage\":\"es\"}]}<\/script>\n<!-- \/ Yoast SEO plugin. -->","yoast_head_json":{"title":"Bomba centr\u00edfuga monoetapa con velocidad variable para recirculaci\u00f3n y filtraci\u00f3n del agua. (NOX 100 18M) - Hydrogeeks","robots":{"index":"index","follow":"follow","max-snippet":"max-snippet:-1","max-image-preview":"max-image-preview:large","max-video-preview":"max-video-preview:-1"},"canonical":"https:\/\/hydrogeeks2.safeland.es\/?product=nox-100-18m","og_locale":"es_ES","og_type":"article","og_title":"Bomba centr\u00edfuga monoetapa con velocidad variable para recirculaci\u00f3n y filtraci\u00f3n del agua. (NOX 100 18M) - Hydrogeeks","og_description":"Bomba centr\u00edfuga monoetapa para recirculaci\u00f3n y filtraci\u00f3n del agua.","og_url":"https:\/\/hydrogeeks2.safeland.es\/?product=nox-100-18m","og_site_name":"Hydrogeeks","article_modified_time":"2026-02-23T11:29:45+00:00","og_image":[{"width":1024,"height":749,"url":"https:\/\/hydrogeeks2.safeland.es\/wp-content\/uploads\/2025\/09\/espa-nox-100-18.png","type":"image\/png"}],"twitter_card":"summary_large_image","twitter_misc":{"Tiempo de lectura":"1 minuto"},"schema":{"@context":"https:\/\/schema.org","@graph":[{"@type":"WebPage","@id":"https:\/\/hydrogeeks2.safeland.es\/?product=nox-100-18m","url":"https:\/\/hydrogeeks2.safeland.es\/?product=nox-100-18m","name":"Bomba centr\u00edfuga monoetapa con velocidad variable para recirculaci\u00f3n y filtraci\u00f3n del agua. (NOX 100 18M) - Hydrogeeks","isPartOf":{"@id":"https:\/\/hydrogeeks2.safeland.es\/#website"},"primaryImageOfPage":{"@id":"https:\/\/hydrogeeks2.safeland.es\/?product=nox-100-18m#primaryimage"},"image":{"@id":"https:\/\/hydrogeeks2.safeland.es\/?product=nox-100-18m#primaryimage"},"thumbnailUrl":"https:\/\/hydrogeeks2.safeland.es\/wp-content\/uploads\/2025\/09\/espa-nox-100-18.png","datePublished":"2025-09-23T11:32:41+00:00","dateModified":"2026-02-23T11:29:45+00:00","breadcrumb":{"@id":"https:\/\/hydrogeeks2.safeland.es\/?product=nox-100-18m#breadcrumb"},"inLanguage":"es","potentialAction":[{"@type":"ReadAction","target":["https:\/\/hydrogeeks2.safeland.es\/?product=nox-100-18m"]}]},{"@type":"ImageObject","inLanguage":"es","@id":"https:\/\/hydrogeeks2.safeland.es\/?product=nox-100-18m#primaryimage","url":"https:\/\/hydrogeeks2.safeland.es\/wp-content\/uploads\/2025\/09\/espa-nox-100-18.png","contentUrl":"https:\/\/hydrogeeks2.safeland.es\/wp-content\/uploads\/2025\/09\/espa-nox-100-18.png","width":1024,"height":749},{"@type":"BreadcrumbList","@id":"https:\/\/hydrogeeks2.safeland.es\/?product=nox-100-18m#breadcrumb","itemListElement":[{"@type":"ListItem","position":1,"name":"Portada","item":"https:\/\/hydrogeeks2.safeland.es\/"},{"@type":"ListItem","position":2,"name":"Shop","item":"https:\/\/hydrogeeks2.safeland.es\/?page_id=27"},{"@type":"ListItem","position":3,"name":"Bomba centr\u00edfuga monoetapa con velocidad variable para recirculaci\u00f3n y filtraci\u00f3n del agua. (NOX 100 18M)"}]},{"@type":"WebSite","@id":"https:\/\/hydrogeeks2.safeland.es\/#website","url":"https:\/\/hydrogeeks2.safeland.es\/","name":"Hydrogeeks","description":"","potentialAction":[{"@type":"SearchAction","target":{"@type":"EntryPoint","urlTemplate":"https:\/\/hydrogeeks2.safeland.es\/?s={search_term_string}"},"query-input":{"@type":"PropertyValueSpecification","valueRequired":true,"valueName":"search_term_string"}}],"inLanguage":"es"}]}},"_links":{"self":[{"href":"https:\/\/hydrogeeks2.safeland.es\/index.php?rest_route=\/wp\/v2\/product\/3737","targetHints":{"allow":["GET"]}}],"collection":[{"href":"https:\/\/hydrogeeks2.safeland.es\/index.php?rest_route=\/wp\/v2\/product"}],"about":[{"href":"https:\/\/hydrogeeks2.safeland.es\/index.php?rest_route=\/wp\/v2\/types\/product"}],"replies":[{"embeddable":true,"href":"https:\/\/hydrogeeks2.safeland.es\/index.php?rest_route=%2Fwp%2Fv2%2Fcomments&post=3737"}],"version-history":[{"count":6,"href":"https:\/\/hydrogeeks2.safeland.es\/index.php?rest_route=\/wp\/v2\/product\/3737\/revisions"}],"predecessor-version":[{"id":6202,"href":"https:\/\/hydrogeeks2.safeland.es\/index.php?rest_route=\/wp\/v2\/product\/3737\/revisions\/6202"}],"wp:featuredmedia":[{"embeddable":true,"href":"https:\/\/hydrogeeks2.safeland.es\/index.php?rest_route=\/wp\/v2\/media\/3729"}],"wp:attachment":[{"href":"https:\/\/hydrogeeks2.safeland.es\/index.php?rest_route=%2Fwp%2Fv2%2Fmedia&parent=3737"}],"wp:term":[{"taxonomy":"product_brand","embeddable":true,"href":"https:\/\/hydrogeeks2.safeland.es\/index.php?rest_route=%2Fwp%2Fv2%2Fproduct_brand&post=3737"},{"taxonomy":"product_cat","embeddable":true,"href":"https:\/\/hydrogeeks2.safeland.es\/index.php?rest_route=%2Fwp%2Fv2%2Fproduct_cat&post=3737"},{"taxonomy":"product_tag","embeddable":true,"href":"https:\/\/hydrogeeks2.safeland.es\/index.php?rest_route=%2Fwp%2Fv2%2Fproduct_tag&post=3737"}],"curies":[{"name":"wp","href":"https:\/\/api.w.org\/{rel}","templated":true}]}}