{"id":3749,"date":"2025-09-23T11:46:06","date_gmt":"2025-09-23T11:46:06","guid":{"rendered":"https:\/\/hydrogeeks2.safeland.es\/?post_type=product&#038;p=3749"},"modified":"2026-02-23T11:29:10","modified_gmt":"2026-02-23T11:29:10","slug":"noxplus","status":"publish","type":"product","link":"https:\/\/hydrogeeks2.safeland.es\/?product=noxplus","title":{"rendered":"Bomba centr\u00edfuga monoetapa con velocidad variable para recirculaci\u00f3n y filtraci\u00f3n del agua. (NOXPLUS)"},"content":{"rendered":"\t\t<div data-elementor-type=\"product-post\" data-elementor-id=\"3749\" class=\"elementor elementor-3749\" data-elementor-post-type=\"product\">\n\t\t\t\t<div class=\"elementor-element elementor-element-41bac60a e-flex e-con-boxed e-con e-parent\" data-id=\"41bac60a\" data-element_type=\"container\">\n\t\t\t\t\t<div class=\"e-con-inner\">\n\t\t\t\t<div class=\"elementor-element elementor-element-4802a7ed elementor-widget elementor-widget-text-editor\" data-id=\"4802a7ed\" data-element_type=\"widget\" data-widget_type=\"text-editor.default\">\n\t\t\t\t\t\t\t\t\t<p class=\"desc\">Recirculaci\u00f3n y filtraci\u00f3n del agua para piscinas residenciales peque\u00f1as y medianas. Silenciosa. Autoaspirante hasta 4m.<\/p>\t\t\t\t\t\t\t\t<\/div>\n\t\t\t\t\t<\/div>\n\t\t\t\t<\/div>\n\t\t<div class=\"elementor-element elementor-element-1fe557f e-flex e-con-boxed e-con e-parent\" data-id=\"1fe557f\" data-element_type=\"container\">\n\t\t\t\t\t<div class=\"e-con-inner\">\n\t\t\t\t<div class=\"elementor-element elementor-element-29ee377 elementor-widget elementor-widget-html\" data-id=\"29ee377\" data-element_type=\"widget\" data-widget_type=\"html.default\">\n\t\t\t\t\t<div class=\"col-sm-12\">\r\n\r\n    <style>\r\n        .producto-widget-container {\r\n            font-family: system-ui, -apple-system, BlinkMacSystemFont, 'Segoe UI', Roboto, Oxygen, Ubuntu, Cantarell, 'Open Sans', 'Helvetica Neue', sans-serif;\r\n            border: 1px solid #ddd;\r\n            border-radius: 5px;\r\n            overflow: hidden;\r\n        }\r\n        .producto-widget-container .data-header {\r\n            background: linear-gradient(to right, #213E5C, #1292D4);\r\n            color: white;\r\n            font-weight: 900;\r\n            padding: 12px 15px;\r\n            font-size: 1.1em;\r\n            margin: 0;\r\n            letter-spacing: 1.5px;\r\n        }\r\n        .producto-widget-container .content-area {\r\n            padding: 15px;\r\n        }\r\n        table.info-table {\r\n            width: 100%;\r\n            border-collapse: collapse;\r\n            margin-bottom: 20px;\r\n            font-size: 14px;\r\n        }\r\n        table.info-table th,\r\n        table.info-table td {\r\n            border: 1px solid #e1e1e1;\r\n            padding: 10px 12px;\r\n            text-align: left;\r\n            vertical-align: top;\r\n        }\r\n        table.info-table th {\r\n            font-weight: bold;\r\n            color: #333;\r\n            background-color: #f2f2f2;\r\n            width: 25%;\r\n        }\r\n        table.info-table td {\r\n             width: 25%;\r\n        }\r\n        table.info-table tbody tr:nth-child(odd) { background-color: #f9f9f9; }\r\n        \r\n        table.info-table .header-row th {\r\n            text-align: center;\r\n            background: linear-gradient(to right, #213E5C, #1292D4);\r\n            color: white;\r\n            font-weight: bold;\r\n            width: 100%;\r\n        }\r\n        .text-danger.helper-text {\r\n            color: #dc3545;\r\n            font-size: 0.85em;\r\n        }\r\n    <\/style>\r\n\r\n    <div class=\"producto-widget-container\">\r\n        <h3 class=\"data-header\">Informaci\u00f3n del Producto<\/h3>\r\n        <div class=\"content-area\">\r\n        \r\n             <table class=\"info-table\">\r\n                <tbody>\r\n                    <tr>\r\n                        <th style=\"width: 75%;\">Altura m\u00e1xima <span class=\"text-danger helper-text\">(mca)<\/span><\/th>\r\n                        <td style=\"width: 25%;\">15<\/td>\r\n                    <\/tr>\r\n                    <tr>\r\n                        <th style=\"width: 75%;\">Caudal m\u00e1ximo <span class=\"text-danger helper-text\">(m\u00b3\/h)<\/span><\/th>\r\n                        <td style=\"width: 25%;\">19.5<\/td>\r\n                    <\/tr>\r\n                    <tr>\r\n                        <th style=\"width: 75%;\">Potencia motor P2 <span class=\"text-danger helper-text\">(kW)<\/span><\/th>\r\n                        <td style=\"width: 25%;\">0.75<\/td>\r\n                    <\/tr>\r\n                <\/tbody>\r\n            <\/table>\r\n\r\n            <h3 class=\"data-header\">Caracter\u00edsticas<\/h3>\r\n            \r\n            <table class=\"info-table\">\r\n                 <thead><tr class=\"header-row\"><th colspan=\"4\">Caracter\u00edsticas El\u00e9ctricas<\/th><\/tr><\/thead>\r\n                <tbody>\r\n                    <tr>\r\n                        <th>Aislamiento el\u00e9ctrico<\/th>\r\n                        <td>Clase F<\/td>\r\n                        <th>Grado protecci\u00f3n<\/th>\r\n                        <td>IPX5<\/td>\r\n                    <\/tr>\r\n                     <tr>\r\n                        <th>Rearme<\/th>\r\n                        <td>Autom\u00e1tico<\/td>\r\n                        <th>Tipo de motor<\/th>\r\n                        <td>As\u00edncrono<\/td>\r\n                    <\/tr>\r\n                     <tr>\r\n                        <th>Factor de servicio<\/th>\r\n                        <td>S1<\/td>\r\n                        <th><\/th>\r\n                        <td><\/td>\r\n                    <\/tr>\r\n                <\/tbody>\r\n            <\/table>\r\n            \r\n            <table class=\"info-table\">\r\n                 <thead><tr class=\"header-row\"><th colspan=\"4\">L\u00edmites de Utilizaci\u00f3n<\/th><\/tr><\/thead>\r\n                <tbody>\r\n                    <tr>\r\n                       <th>Temperatura del l\u00edquido <span class=\"text-danger helper-text\">(\u00baC)<\/span><\/th>\r\n                        <td>M\u00e1ximo: 40<\/td>\r\n                         <th><\/th>\r\n                        <td><\/td>\r\n                    <\/tr>\r\n                <\/tbody>\r\n            <\/table>\r\n\r\n            <table class=\"info-table\">\r\n                <thead><tr class=\"header-row\"><th colspan=\"4\">Materiales<\/th><\/tr><\/thead>\r\n                <tbody>\r\n                    <tr>\r\n                        <th>Cierre mec\u00e1nico<\/th>\r\n                        <td>Al\u00famina-Grafito<\/td>\r\n                        <th>Cuerpo aspiraci\u00f3n<\/th>\r\n                        <td>Tecnopol\u00edmero<\/td>\r\n                    <\/tr>\r\n                    <tr>\r\n                        <th>Cuerpo envolvente<\/th>\r\n                        <td>Tecnopol\u00edmero<\/td>\r\n                        <th>Cuerpo impulsi\u00f3n<\/th>\r\n                        <td>Tecnopol\u00edmero<\/td>\r\n                    <\/tr>\r\n                    <tr>\r\n                        <th>Difusor\/es<\/th>\r\n                        <td>Tecnopol\u00edmero<\/td>\r\n                        <th>Eje bomba<\/th>\r\n                        <td>Acero inoxidable AISI 431<\/td>\r\n                    <\/tr>\r\n                     <tr>\r\n                        <th>Carcasa motor<\/th>\r\n                        <td>Aluminio<\/td>\r\n                        <th>Impulsor\/es<\/th>\r\n                        <td>Tecnopol\u00edmero<\/td>\r\n                    <\/tr>\r\n                     <tr>\r\n                        <th>Juntas<\/th>\r\n                        <td>NBR\/EPDM<\/td>\r\n                        <th>Prefiltro<\/th>\r\n                        <td>Tecnopol\u00edmero<\/td>\r\n                    <\/tr>\r\n                <\/tbody>\r\n            <\/table>\r\n\r\n            <table class=\"info-table\">\r\n                 <thead><tr class=\"header-row\"><th colspan=\"4\">Caracter\u00edsticas Constructivas<\/th><\/tr><\/thead>\r\n                <tbody>\r\n                    <tr>\r\n                        <th>Di\u00e1metro aspiraci\u00f3n<\/th>\r\n                        <td>50mm<\/td>\r\n                        <th>Di\u00e1metro impulsi\u00f3n<\/th>\r\n                        <td>50mm<\/td>\r\n                    <\/tr>\r\n                    <tr>\r\n                        <th>Refrigeraci\u00f3n motor<\/th>\r\n                        <td>Ventilador<\/td>\r\n                        <th>Estanqueidad mediante<\/th>\r\n                        <td>Cierre mec\u00e1nico<\/td>\r\n                    <\/tr>\r\n                     <tr>\r\n                        <th>Tipo conexi\u00f3n aspiraci\u00f3n<\/th>\r\n                        <td>Racor encolar<\/td>\r\n                        <th>Tipo conexi\u00f3n impulsi\u00f3n<\/th>\r\n                        <td>Racor encolar<\/td>\r\n                    <\/tr>\r\n                <\/tbody>\r\n            <\/table>\r\n        <\/div>\r\n    <\/div>\r\n<\/div>\t\t\t\t<\/div>\n\t\t\t\t\t<\/div>\n\t\t\t\t<\/div>\n\t\t\t\t<\/div>\n\t\t","protected":false},"excerpt":{"rendered":"<p class=\"short-title\">Bomba centr\u00edfuga monoetapa con velocidad variable para recirculaci\u00f3n y filtraci\u00f3n del agua.<\/p>\n","protected":false},"featured_media":3752,"comment_status":"open","ping_status":"closed","template":"","meta":[],"product_brand":[29],"product_cat":[71,70],"product_tag":[],"class_list":{"0":"post-3749","1":"product","2":"type-product","3":"status-publish","4":"has-post-thumbnail","6":"product_brand-espa","7":"product_cat-bombas-para-piscinas","8":"product_cat-recirculacion-y-filtracion","10":"first","11":"instock","12":"sale","13":"taxable","14":"shipping-taxable","15":"purchasable","16":"product-type-simple"},"yoast_head":"<!-- This site is optimized with the Yoast SEO plugin v25.5 - https:\/\/yoast.com\/wordpress\/plugins\/seo\/ -->\n<title>Bomba centr\u00edfuga monoetapa con velocidad variable para recirculaci\u00f3n y filtraci\u00f3n del agua. (NOXPLUS) - Hydrogeeks<\/title>\n<meta name=\"robots\" content=\"index, follow, max-snippet:-1, max-image-preview:large, max-video-preview:-1\" \/>\n<link rel=\"canonical\" href=\"https:\/\/hydrogeeks2.safeland.es\/?product=noxplus\" \/>\n<meta property=\"og:locale\" content=\"es_ES\" \/>\n<meta property=\"og:type\" content=\"article\" \/>\n<meta property=\"og:title\" content=\"Bomba centr\u00edfuga monoetapa con velocidad variable para recirculaci\u00f3n y filtraci\u00f3n del agua. (NOXPLUS) - Hydrogeeks\" \/>\n<meta property=\"og:description\" content=\"Bomba centr\u00edfuga monoetapa con velocidad variable para recirculaci\u00f3n y filtraci\u00f3n del agua.\" \/>\n<meta property=\"og:url\" content=\"https:\/\/hydrogeeks2.safeland.es\/?product=noxplus\" \/>\n<meta property=\"og:site_name\" content=\"Hydrogeeks\" \/>\n<meta property=\"article:modified_time\" content=\"2026-02-23T11:29:10+00:00\" \/>\n<meta property=\"og:image\" content=\"https:\/\/hydrogeeks2.safeland.es\/wp-content\/uploads\/2025\/09\/espa-noxplus-2022-cmyk300-cataleg.png\" \/>\n\t<meta property=\"og:image:width\" content=\"1024\" \/>\n\t<meta property=\"og:image:height\" content=\"714\" \/>\n\t<meta property=\"og:image:type\" content=\"image\/png\" \/>\n<meta name=\"twitter:card\" content=\"summary_large_image\" \/>\n<meta name=\"twitter:label1\" content=\"Tiempo de lectura\" \/>\n\t<meta name=\"twitter:data1\" content=\"1 minuto\" \/>\n<script type=\"application\/ld+json\" class=\"yoast-schema-graph\">{\"@context\":\"https:\/\/schema.org\",\"@graph\":[{\"@type\":\"WebPage\",\"@id\":\"https:\/\/hydrogeeks2.safeland.es\/?product=noxplus\",\"url\":\"https:\/\/hydrogeeks2.safeland.es\/?product=noxplus\",\"name\":\"Bomba centr\u00edfuga monoetapa con velocidad variable para recirculaci\u00f3n y filtraci\u00f3n del agua. (NOXPLUS) - Hydrogeeks\",\"isPartOf\":{\"@id\":\"https:\/\/hydrogeeks2.safeland.es\/#website\"},\"primaryImageOfPage\":{\"@id\":\"https:\/\/hydrogeeks2.safeland.es\/?product=noxplus#primaryimage\"},\"image\":{\"@id\":\"https:\/\/hydrogeeks2.safeland.es\/?product=noxplus#primaryimage\"},\"thumbnailUrl\":\"https:\/\/hydrogeeks2.safeland.es\/wp-content\/uploads\/2025\/09\/espa-noxplus-2022-cmyk300-cataleg.png\",\"datePublished\":\"2025-09-23T11:46:06+00:00\",\"dateModified\":\"2026-02-23T11:29:10+00:00\",\"breadcrumb\":{\"@id\":\"https:\/\/hydrogeeks2.safeland.es\/?product=noxplus#breadcrumb\"},\"inLanguage\":\"es\",\"potentialAction\":[{\"@type\":\"ReadAction\",\"target\":[\"https:\/\/hydrogeeks2.safeland.es\/?product=noxplus\"]}]},{\"@type\":\"ImageObject\",\"inLanguage\":\"es\",\"@id\":\"https:\/\/hydrogeeks2.safeland.es\/?product=noxplus#primaryimage\",\"url\":\"https:\/\/hydrogeeks2.safeland.es\/wp-content\/uploads\/2025\/09\/espa-noxplus-2022-cmyk300-cataleg.png\",\"contentUrl\":\"https:\/\/hydrogeeks2.safeland.es\/wp-content\/uploads\/2025\/09\/espa-noxplus-2022-cmyk300-cataleg.png\",\"width\":1024,\"height\":714},{\"@type\":\"BreadcrumbList\",\"@id\":\"https:\/\/hydrogeeks2.safeland.es\/?product=noxplus#breadcrumb\",\"itemListElement\":[{\"@type\":\"ListItem\",\"position\":1,\"name\":\"Portada\",\"item\":\"https:\/\/hydrogeeks2.safeland.es\/\"},{\"@type\":\"ListItem\",\"position\":2,\"name\":\"Shop\",\"item\":\"https:\/\/hydrogeeks2.safeland.es\/?page_id=27\"},{\"@type\":\"ListItem\",\"position\":3,\"name\":\"Bomba centr\u00edfuga monoetapa con velocidad variable para recirculaci\u00f3n y filtraci\u00f3n del agua. (NOXPLUS)\"}]},{\"@type\":\"WebSite\",\"@id\":\"https:\/\/hydrogeeks2.safeland.es\/#website\",\"url\":\"https:\/\/hydrogeeks2.safeland.es\/\",\"name\":\"Hydrogeeks\",\"description\":\"\",\"potentialAction\":[{\"@type\":\"SearchAction\",\"target\":{\"@type\":\"EntryPoint\",\"urlTemplate\":\"https:\/\/hydrogeeks2.safeland.es\/?s={search_term_string}\"},\"query-input\":{\"@type\":\"PropertyValueSpecification\",\"valueRequired\":true,\"valueName\":\"search_term_string\"}}],\"inLanguage\":\"es\"}]}<\/script>\n<!-- \/ Yoast SEO plugin. -->","yoast_head_json":{"title":"Bomba centr\u00edfuga monoetapa con velocidad variable para recirculaci\u00f3n y filtraci\u00f3n del agua. (NOXPLUS) - Hydrogeeks","robots":{"index":"index","follow":"follow","max-snippet":"max-snippet:-1","max-image-preview":"max-image-preview:large","max-video-preview":"max-video-preview:-1"},"canonical":"https:\/\/hydrogeeks2.safeland.es\/?product=noxplus","og_locale":"es_ES","og_type":"article","og_title":"Bomba centr\u00edfuga monoetapa con velocidad variable para recirculaci\u00f3n y filtraci\u00f3n del agua. (NOXPLUS) - Hydrogeeks","og_description":"Bomba centr\u00edfuga monoetapa con velocidad variable para recirculaci\u00f3n y filtraci\u00f3n del agua.","og_url":"https:\/\/hydrogeeks2.safeland.es\/?product=noxplus","og_site_name":"Hydrogeeks","article_modified_time":"2026-02-23T11:29:10+00:00","og_image":[{"width":1024,"height":714,"url":"https:\/\/hydrogeeks2.safeland.es\/wp-content\/uploads\/2025\/09\/espa-noxplus-2022-cmyk300-cataleg.png","type":"image\/png"}],"twitter_card":"summary_large_image","twitter_misc":{"Tiempo de lectura":"1 minuto"},"schema":{"@context":"https:\/\/schema.org","@graph":[{"@type":"WebPage","@id":"https:\/\/hydrogeeks2.safeland.es\/?product=noxplus","url":"https:\/\/hydrogeeks2.safeland.es\/?product=noxplus","name":"Bomba centr\u00edfuga monoetapa con velocidad variable para recirculaci\u00f3n y filtraci\u00f3n del agua. (NOXPLUS) - Hydrogeeks","isPartOf":{"@id":"https:\/\/hydrogeeks2.safeland.es\/#website"},"primaryImageOfPage":{"@id":"https:\/\/hydrogeeks2.safeland.es\/?product=noxplus#primaryimage"},"image":{"@id":"https:\/\/hydrogeeks2.safeland.es\/?product=noxplus#primaryimage"},"thumbnailUrl":"https:\/\/hydrogeeks2.safeland.es\/wp-content\/uploads\/2025\/09\/espa-noxplus-2022-cmyk300-cataleg.png","datePublished":"2025-09-23T11:46:06+00:00","dateModified":"2026-02-23T11:29:10+00:00","breadcrumb":{"@id":"https:\/\/hydrogeeks2.safeland.es\/?product=noxplus#breadcrumb"},"inLanguage":"es","potentialAction":[{"@type":"ReadAction","target":["https:\/\/hydrogeeks2.safeland.es\/?product=noxplus"]}]},{"@type":"ImageObject","inLanguage":"es","@id":"https:\/\/hydrogeeks2.safeland.es\/?product=noxplus#primaryimage","url":"https:\/\/hydrogeeks2.safeland.es\/wp-content\/uploads\/2025\/09\/espa-noxplus-2022-cmyk300-cataleg.png","contentUrl":"https:\/\/hydrogeeks2.safeland.es\/wp-content\/uploads\/2025\/09\/espa-noxplus-2022-cmyk300-cataleg.png","width":1024,"height":714},{"@type":"BreadcrumbList","@id":"https:\/\/hydrogeeks2.safeland.es\/?product=noxplus#breadcrumb","itemListElement":[{"@type":"ListItem","position":1,"name":"Portada","item":"https:\/\/hydrogeeks2.safeland.es\/"},{"@type":"ListItem","position":2,"name":"Shop","item":"https:\/\/hydrogeeks2.safeland.es\/?page_id=27"},{"@type":"ListItem","position":3,"name":"Bomba centr\u00edfuga monoetapa con velocidad variable para recirculaci\u00f3n y filtraci\u00f3n del agua. (NOXPLUS)"}]},{"@type":"WebSite","@id":"https:\/\/hydrogeeks2.safeland.es\/#website","url":"https:\/\/hydrogeeks2.safeland.es\/","name":"Hydrogeeks","description":"","potentialAction":[{"@type":"SearchAction","target":{"@type":"EntryPoint","urlTemplate":"https:\/\/hydrogeeks2.safeland.es\/?s={search_term_string}"},"query-input":{"@type":"PropertyValueSpecification","valueRequired":true,"valueName":"search_term_string"}}],"inLanguage":"es"}]}},"_links":{"self":[{"href":"https:\/\/hydrogeeks2.safeland.es\/index.php?rest_route=\/wp\/v2\/product\/3749","targetHints":{"allow":["GET"]}}],"collection":[{"href":"https:\/\/hydrogeeks2.safeland.es\/index.php?rest_route=\/wp\/v2\/product"}],"about":[{"href":"https:\/\/hydrogeeks2.safeland.es\/index.php?rest_route=\/wp\/v2\/types\/product"}],"replies":[{"embeddable":true,"href":"https:\/\/hydrogeeks2.safeland.es\/index.php?rest_route=%2Fwp%2Fv2%2Fcomments&post=3749"}],"version-history":[{"count":6,"href":"https:\/\/hydrogeeks2.safeland.es\/index.php?rest_route=\/wp\/v2\/product\/3749\/revisions"}],"predecessor-version":[{"id":6200,"href":"https:\/\/hydrogeeks2.safeland.es\/index.php?rest_route=\/wp\/v2\/product\/3749\/revisions\/6200"}],"wp:featuredmedia":[{"embeddable":true,"href":"https:\/\/hydrogeeks2.safeland.es\/index.php?rest_route=\/wp\/v2\/media\/3752"}],"wp:attachment":[{"href":"https:\/\/hydrogeeks2.safeland.es\/index.php?rest_route=%2Fwp%2Fv2%2Fmedia&parent=3749"}],"wp:term":[{"taxonomy":"product_brand","embeddable":true,"href":"https:\/\/hydrogeeks2.safeland.es\/index.php?rest_route=%2Fwp%2Fv2%2Fproduct_brand&post=3749"},{"taxonomy":"product_cat","embeddable":true,"href":"https:\/\/hydrogeeks2.safeland.es\/index.php?rest_route=%2Fwp%2Fv2%2Fproduct_cat&post=3749"},{"taxonomy":"product_tag","embeddable":true,"href":"https:\/\/hydrogeeks2.safeland.es\/index.php?rest_route=%2Fwp%2Fv2%2Fproduct_tag&post=3749"}],"curies":[{"name":"wp","href":"https:\/\/api.w.org\/{rel}","templated":true}]}}