{"id":3985,"date":"2025-09-25T06:37:27","date_gmt":"2025-09-25T06:37:27","guid":{"rendered":"https:\/\/hydrogeeks2.safeland.es\/?post_type=product&#038;p=3985"},"modified":"2026-02-23T10:42:20","modified_gmt":"2026-02-23T10:42:20","slug":"pressdrive-am-2e-230-50-60-014614-rep-copia","status":"publish","type":"product","link":"https:\/\/hydrogeeks2.safeland.es\/?product=pressdrive-am-2e-230-50-60-014614-rep-copia","title":{"rendered":"Dispositivo autom\u00e1tico de arranque y parada. (PRESSDRIVE 05 AM 2E 230 50\/60\u00a0 014702\/REP)"},"content":{"rendered":"\t\t<div data-elementor-type=\"product-post\" data-elementor-id=\"3985\" class=\"elementor elementor-3985\" data-elementor-post-type=\"product\">\n\t\t\t\t<div class=\"elementor-element elementor-element-41bac60a e-flex e-con-boxed e-con e-parent\" data-id=\"41bac60a\" data-element_type=\"container\">\n\t\t\t\t\t<div class=\"e-con-inner\">\n\t\t\t\t<div class=\"elementor-element elementor-element-4802a7ed elementor-widget elementor-widget-text-editor\" data-id=\"4802a7ed\" data-element_type=\"widget\" data-widget_type=\"text-editor.default\">\n\t\t\t\t\t\t\t\t\t<p class=\"desc\">\u00a0<\/p><p class=\"desc\" style=\"box-sizing: border-box; margin: 0px 0px 10px; font-size: 17px; line-height: 22px; text-align: justify; color: #54504f; font-weight: 400; padding-top: 0px; font-family: 'Source Sans Pro', sans-serif; font-style: normal; font-variant-ligatures: normal; font-variant-caps: normal; letter-spacing: normal; orphans: 2; text-indent: 0px; text-transform: none; widows: 2; word-spacing: 0px; -webkit-text-stroke-width: 0px; white-space: normal; background-color: #ffffff; text-decoration-thickness: initial; text-decoration-style: initial; text-decoration-color: initial;\">Montado sobre bomba, arranque y parada autom\u00e1tica en funci\u00f3n de la demanda de agua. Rango de presi\u00f3n inicial regulable de 1,5 a 2,5 bar. Conexi\u00f3n de tuber\u00eda de bomba en l\u00ednea.<\/p>\t\t\t\t\t\t\t\t<\/div>\n\t\t\t\t\t<\/div>\n\t\t\t\t<\/div>\n\t\t<div class=\"elementor-element elementor-element-b6078ba e-flex e-con-boxed e-con e-parent\" data-id=\"b6078ba\" data-element_type=\"container\">\n\t\t\t\t\t<div class=\"e-con-inner\">\n\t\t\t\t<div class=\"elementor-element elementor-element-a03e834 elementor-widget elementor-widget-html\" data-id=\"a03e834\" data-element_type=\"widget\" data-widget_type=\"html.default\">\n\t\t\t\t\t<div class=\"col-sm-12\">\r\n\r\n    <style>\r\n        .producto-widget-container {\r\n            font-family: system-ui, -apple-system, BlinkMacSystemFont, 'Segoe UI', Roboto, Oxygen, Ubuntu, Cantarell, 'Open Sans', 'Helvetica Neue', sans-serif;\r\n            border: 1px solid #ddd;\r\n            border-radius: 5px;\r\n            overflow: hidden;\r\n        }\r\n        .producto-widget-container .data-header {\r\n            background: linear-gradient(to right, #213E5C, #1292D4);\r\n            color: white;\r\n            font-weight: 900;\r\n            padding: 12px 15px;\r\n            font-size: 1.1em;\r\n            margin: 0;\r\n            letter-spacing: 1.5px;\r\n        }\r\n        .producto-widget-container .content-area {\r\n            padding: 15px;\r\n        }\r\n        table.info-table {\r\n            width: 100%;\r\n            border-collapse: collapse;\r\n            margin-bottom: 20px;\r\n            font-size: 14px;\r\n        }\r\n        table.info-table th,\r\n        table.info-table td {\r\n            border: 1px solid #e1e1e1;\r\n            padding: 10px 12px;\r\n            text-align: left;\r\n            vertical-align: top;\r\n        }\r\n        table.info-table th {\r\n            font-weight: bold;\r\n            color: #333;\r\n            background-color: #f2f2f2;\r\n            width: 25%;\r\n        }\r\n        table.info-table td {\r\n             width: 25%;\r\n        }\r\n        table.info-table tbody tr:nth-child(odd) { background-color: #f9f9f9; }\r\n        \r\n        table.info-table .header-row th {\r\n            text-align: center;\r\n            background: linear-gradient(to right, #213E5C, #1292D4);\r\n            color: white;\r\n            font-weight: bold;\r\n            width: 100%;\r\n        }\r\n        .text-danger.helper-text {\r\n            color: #dc3545;\r\n            font-size: 0.85em;\r\n        }\r\n    <\/style>\r\n\r\n    <div class=\"producto-widget-container\">\r\n        <h3 class=\"data-header\">Features<\/h3>\r\n        <div class=\"content-area\">\r\n\r\n            <table class=\"info-table\">\r\n                <thead><tr class=\"header-row\"><th colspan=\"4\">Materials<\/th><\/tr><\/thead>\r\n                <tbody>\r\n                    <tr>\r\n                        <th>Suction body<\/th>\r\n                        <td>Technopolymer<\/td>\r\n                        <th>Pump body<\/th>\r\n                        <td>Technopolymer<\/td>\r\n                    <\/tr>\r\n                     <tr>\r\n                        <th>Discharge body<\/th>\r\n                        <td>Technopolymer<\/td>\r\n                        <th>O-rings<\/th>\r\n                        <td>NBR\/EPDM<\/td>\r\n                    <\/tr>\r\n                <\/tbody>\r\n            <\/table>\r\n\r\n            <table class=\"info-table\">\r\n                 <thead><tr class=\"header-row\"><th colspan=\"4\">Manufacturing features<\/th><\/tr><\/thead>\r\n                <tbody>\r\n                    <tr>\r\n                       <th>Suction diameter<\/th>\r\n                        <td>1\"<\/td>\r\n                        <th>Discharge diameter<\/th>\r\n                        <td>1\"<\/td>\r\n                    <\/tr>\r\n                    <tr>\r\n                       <th>Suction connection type<\/th>\r\n                        <td>Thread <span class=\"text-danger helper-text\">(3-piece union)<\/span><\/td>\r\n                        <th>Discharge connection type<\/th>\r\n                        <td>Thread<\/td>\r\n                    <\/tr>\r\n                <\/tbody>\r\n            <\/table>\r\n            \r\n             <table class=\"info-table\">\r\n                 <thead><tr class=\"header-row\"><th colspan=\"4\">Electrical features<\/th><\/tr><\/thead>\r\n                <tbody>\r\n                    <tr>\r\n                        <th>Protection rating<\/th>\r\n                        <td>IP55<\/td>\r\n                        <th>Reset<\/th>\r\n                        <td>Automatic<\/td>\r\n                    <\/tr>\r\n                <\/tbody>\r\n            <\/table>\r\n            \r\n             <table class=\"info-table\">\r\n                <thead><tr class=\"header-row\"><th colspan=\"4\">Equipment<\/th><\/tr><\/thead>\r\n                <tbody>\r\n                    <tr>\r\n                        <th>Pressure gauge<\/th>\r\n                        <td>Included<\/td>\r\n                        <th>Check valve<\/th>\r\n                        <td>Included<\/td>\r\n                    <\/tr>\r\n                <\/tbody>\r\n            <\/table>\r\n\r\n            <table class=\"info-table\">\r\n                 <thead><tr class=\"header-row\"><th colspan=\"4\">Limitations<\/th><\/tr><\/thead>\r\n                <tbody>\r\n                    <tr>\r\n                        <th>Starting pressure<\/th>\r\n                        <td>1,5 - 2,5 bar<\/td>\r\n                         <th>Maximum working pressure <span class=\"text-danger helper-text\">(bar)<\/span><\/th>\r\n                        <td>10 bar<\/td>\r\n                    <\/tr>\r\n                    <tr>\r\n                        <th>Water temperature <span class=\"text-danger helper-text\">(\u00baC)<\/span><\/th>\r\n                        <td>Max: 40<\/td>\r\n                         <th><\/th>\r\n                        <td><\/td>\r\n                    <\/tr>\r\n                <\/tbody>\r\n            <\/table>\r\n\r\n        <\/div>\r\n    <\/div>\r\n<\/div>\t\t\t\t<\/div>\n\t\t\t\t<div class=\"elementor-element elementor-element-8414fc0 elementor-align-center elementor-widget elementor-widget-button\" data-id=\"8414fc0\" data-element_type=\"widget\" data-widget_type=\"button.default\">\n\t\t\t\t\t\t\t\t\t\t<a class=\"elementor-button elementor-button-link elementor-size-sm\" href=\"https:\/\/hydrogeeks2.safeland.es\/wp-content\/uploads\/2025\/09\/instruction-manual-espa-pressdrive-pressdrive-05-1.pdf\">\n\t\t\t\t\t\t<span class=\"elementor-button-content-wrapper\">\n\t\t\t\t\t\t<span class=\"elementor-button-icon\">\n\t\t\t\t<svg aria-hidden=\"true\" class=\"e-font-icon-svg e-fas-arrow-right\" viewBox=\"0 0 448 512\" xmlns=\"http:\/\/www.w3.org\/2000\/svg\"><path d=\"M190.5 66.9l22.2-22.2c9.4-9.4 24.6-9.4 33.9 0L441 239c9.4 9.4 9.4 24.6 0 33.9L246.6 467.3c-9.4 9.4-24.6 9.4-33.9 0l-22.2-22.2c-9.5-9.5-9.3-25 .4-34.3L311.4 296H24c-13.3 0-24-10.7-24-24v-32c0-13.3 10.7-24 24-24h287.4L190.9 101.2c-9.8-9.3-10-24.8-.4-34.3z\"><\/path><\/svg>\t\t\t<\/span>\n\t\t\t\t\t\t\t\t\t<span class=\"elementor-button-text\">Descargar manual de uso<\/span>\n\t\t\t\t\t<\/span>\n\t\t\t\t\t<\/a>\n\t\t\t\t\t\t\t\t<\/div>\n\t\t\t\t<div class=\"elementor-element elementor-element-dca0c25 elementor-align-center elementor-widget elementor-widget-button\" data-id=\"dca0c25\" data-element_type=\"widget\" data-widget_type=\"button.default\">\n\t\t\t\t\t\t\t\t\t\t<a class=\"elementor-button elementor-button-link elementor-size-sm\" href=\"https:\/\/hydrogeeks2.safeland.es\/wp-content\/uploads\/2025\/09\/espa-pressdrive-pressdrive-05-spare-parts-1.pdf\">\n\t\t\t\t\t\t<span class=\"elementor-button-content-wrapper\">\n\t\t\t\t\t\t<span class=\"elementor-button-icon\">\n\t\t\t\t<svg aria-hidden=\"true\" class=\"e-font-icon-svg e-fas-arrow-right\" viewBox=\"0 0 448 512\" xmlns=\"http:\/\/www.w3.org\/2000\/svg\"><path d=\"M190.5 66.9l22.2-22.2c9.4-9.4 24.6-9.4 33.9 0L441 239c9.4 9.4 9.4 24.6 0 33.9L246.6 467.3c-9.4 9.4-24.6 9.4-33.9 0l-22.2-22.2c-9.5-9.5-9.3-25 .4-34.3L311.4 296H24c-13.3 0-24-10.7-24-24v-32c0-13.3 10.7-24 24-24h287.4L190.9 101.2c-9.8-9.3-10-24.8-.4-34.3z\"><\/path><\/svg>\t\t\t<\/span>\n\t\t\t\t\t\t\t\t\t<span class=\"elementor-button-text\">Piezas de repuesto<\/span>\n\t\t\t\t\t<\/span>\n\t\t\t\t\t<\/a>\n\t\t\t\t\t\t\t\t<\/div>\n\t\t\t\t\t<\/div>\n\t\t\t\t<\/div>\n\t\t\t\t<\/div>\n\t\t","protected":false},"excerpt":{"rendered":"<p class=\"short-title\">Dispositivo autom\u00e1tico de arranque y parada.<\/p>\n","protected":false},"featured_media":3981,"comment_status":"open","ping_status":"closed","template":"","meta":[],"product_brand":[29],"product_cat":[74,34],"product_tag":[],"class_list":{"0":"post-3985","1":"product","2":"type-product","3":"status-publish","4":"has-post-thumbnail","6":"product_brand-espa","7":"product_cat-dispositivos-de-control-y-automatizacion","8":"product_cat-suministro","10":"first","11":"instock","12":"sale","13":"taxable","14":"shipping-taxable","15":"purchasable","16":"product-type-simple"},"yoast_head":"<!-- This site is optimized with the Yoast SEO plugin v25.5 - https:\/\/yoast.com\/wordpress\/plugins\/seo\/ -->\n<title>Dispositivo autom\u00e1tico de arranque y parada. (PRESSDRIVE 05 AM 2E 230 50\/60\u00a0 014702\/REP) - Hydrogeeks<\/title>\n<meta name=\"robots\" content=\"index, follow, max-snippet:-1, max-image-preview:large, max-video-preview:-1\" \/>\n<link rel=\"canonical\" href=\"https:\/\/hydrogeeks2.safeland.es\/?product=pressdrive-am-2e-230-50-60-014614-rep-copia\" \/>\n<meta property=\"og:locale\" content=\"es_ES\" \/>\n<meta property=\"og:type\" content=\"article\" \/>\n<meta property=\"og:title\" content=\"Dispositivo autom\u00e1tico de arranque y parada. (PRESSDRIVE 05 AM 2E 230 50\/60\u00a0 014702\/REP) - Hydrogeeks\" \/>\n<meta property=\"og:description\" content=\"Dispositivo autom\u00e1tico de arranque y parada.\" \/>\n<meta property=\"og:url\" content=\"https:\/\/hydrogeeks2.safeland.es\/?product=pressdrive-am-2e-230-50-60-014614-rep-copia\" \/>\n<meta property=\"og:site_name\" content=\"Hydrogeeks\" \/>\n<meta property=\"article:modified_time\" content=\"2026-02-23T10:42:20+00:00\" \/>\n<meta property=\"og:image\" content=\"https:\/\/hydrogeeks2.safeland.es\/wp-content\/uploads\/2025\/09\/pressdrive05.jpg\" \/>\n\t<meta property=\"og:image:width\" content=\"1024\" \/>\n\t<meta property=\"og:image:height\" content=\"1365\" \/>\n\t<meta property=\"og:image:type\" content=\"image\/jpeg\" \/>\n<meta name=\"twitter:card\" content=\"summary_large_image\" \/>\n<meta name=\"twitter:label1\" content=\"Tiempo de lectura\" \/>\n\t<meta name=\"twitter:data1\" content=\"1 minuto\" \/>\n<script type=\"application\/ld+json\" class=\"yoast-schema-graph\">{\"@context\":\"https:\/\/schema.org\",\"@graph\":[{\"@type\":\"WebPage\",\"@id\":\"https:\/\/hydrogeeks2.safeland.es\/?product=pressdrive-am-2e-230-50-60-014614-rep-copia\",\"url\":\"https:\/\/hydrogeeks2.safeland.es\/?product=pressdrive-am-2e-230-50-60-014614-rep-copia\",\"name\":\"Dispositivo autom\u00e1tico de arranque y parada. (PRESSDRIVE 05 AM 2E 230 50\/60\u00a0 014702\/REP) - Hydrogeeks\",\"isPartOf\":{\"@id\":\"https:\/\/hydrogeeks2.safeland.es\/#website\"},\"primaryImageOfPage\":{\"@id\":\"https:\/\/hydrogeeks2.safeland.es\/?product=pressdrive-am-2e-230-50-60-014614-rep-copia#primaryimage\"},\"image\":{\"@id\":\"https:\/\/hydrogeeks2.safeland.es\/?product=pressdrive-am-2e-230-50-60-014614-rep-copia#primaryimage\"},\"thumbnailUrl\":\"https:\/\/hydrogeeks2.safeland.es\/wp-content\/uploads\/2025\/09\/pressdrive05.jpg\",\"datePublished\":\"2025-09-25T06:37:27+00:00\",\"dateModified\":\"2026-02-23T10:42:20+00:00\",\"breadcrumb\":{\"@id\":\"https:\/\/hydrogeeks2.safeland.es\/?product=pressdrive-am-2e-230-50-60-014614-rep-copia#breadcrumb\"},\"inLanguage\":\"es\",\"potentialAction\":[{\"@type\":\"ReadAction\",\"target\":[\"https:\/\/hydrogeeks2.safeland.es\/?product=pressdrive-am-2e-230-50-60-014614-rep-copia\"]}]},{\"@type\":\"ImageObject\",\"inLanguage\":\"es\",\"@id\":\"https:\/\/hydrogeeks2.safeland.es\/?product=pressdrive-am-2e-230-50-60-014614-rep-copia#primaryimage\",\"url\":\"https:\/\/hydrogeeks2.safeland.es\/wp-content\/uploads\/2025\/09\/pressdrive05.jpg\",\"contentUrl\":\"https:\/\/hydrogeeks2.safeland.es\/wp-content\/uploads\/2025\/09\/pressdrive05.jpg\",\"width\":1024,\"height\":1365},{\"@type\":\"BreadcrumbList\",\"@id\":\"https:\/\/hydrogeeks2.safeland.es\/?product=pressdrive-am-2e-230-50-60-014614-rep-copia#breadcrumb\",\"itemListElement\":[{\"@type\":\"ListItem\",\"position\":1,\"name\":\"Portada\",\"item\":\"https:\/\/hydrogeeks2.safeland.es\/\"},{\"@type\":\"ListItem\",\"position\":2,\"name\":\"Shop\",\"item\":\"https:\/\/hydrogeeks2.safeland.es\/?page_id=27\"},{\"@type\":\"ListItem\",\"position\":3,\"name\":\"Dispositivo autom\u00e1tico de arranque y parada. (PRESSDRIVE 05 AM 2E 230 50\/60\u00a0 014702\/REP)\"}]},{\"@type\":\"WebSite\",\"@id\":\"https:\/\/hydrogeeks2.safeland.es\/#website\",\"url\":\"https:\/\/hydrogeeks2.safeland.es\/\",\"name\":\"Hydrogeeks\",\"description\":\"\",\"potentialAction\":[{\"@type\":\"SearchAction\",\"target\":{\"@type\":\"EntryPoint\",\"urlTemplate\":\"https:\/\/hydrogeeks2.safeland.es\/?s={search_term_string}\"},\"query-input\":{\"@type\":\"PropertyValueSpecification\",\"valueRequired\":true,\"valueName\":\"search_term_string\"}}],\"inLanguage\":\"es\"}]}<\/script>\n<!-- \/ Yoast SEO plugin. -->","yoast_head_json":{"title":"Dispositivo autom\u00e1tico de arranque y parada. (PRESSDRIVE 05 AM 2E 230 50\/60\u00a0 014702\/REP) - Hydrogeeks","robots":{"index":"index","follow":"follow","max-snippet":"max-snippet:-1","max-image-preview":"max-image-preview:large","max-video-preview":"max-video-preview:-1"},"canonical":"https:\/\/hydrogeeks2.safeland.es\/?product=pressdrive-am-2e-230-50-60-014614-rep-copia","og_locale":"es_ES","og_type":"article","og_title":"Dispositivo autom\u00e1tico de arranque y parada. (PRESSDRIVE 05 AM 2E 230 50\/60\u00a0 014702\/REP) - Hydrogeeks","og_description":"Dispositivo autom\u00e1tico de arranque y parada.","og_url":"https:\/\/hydrogeeks2.safeland.es\/?product=pressdrive-am-2e-230-50-60-014614-rep-copia","og_site_name":"Hydrogeeks","article_modified_time":"2026-02-23T10:42:20+00:00","og_image":[{"width":1024,"height":1365,"url":"https:\/\/hydrogeeks2.safeland.es\/wp-content\/uploads\/2025\/09\/pressdrive05.jpg","type":"image\/jpeg"}],"twitter_card":"summary_large_image","twitter_misc":{"Tiempo de lectura":"1 minuto"},"schema":{"@context":"https:\/\/schema.org","@graph":[{"@type":"WebPage","@id":"https:\/\/hydrogeeks2.safeland.es\/?product=pressdrive-am-2e-230-50-60-014614-rep-copia","url":"https:\/\/hydrogeeks2.safeland.es\/?product=pressdrive-am-2e-230-50-60-014614-rep-copia","name":"Dispositivo autom\u00e1tico de arranque y parada. (PRESSDRIVE 05 AM 2E 230 50\/60\u00a0 014702\/REP) - Hydrogeeks","isPartOf":{"@id":"https:\/\/hydrogeeks2.safeland.es\/#website"},"primaryImageOfPage":{"@id":"https:\/\/hydrogeeks2.safeland.es\/?product=pressdrive-am-2e-230-50-60-014614-rep-copia#primaryimage"},"image":{"@id":"https:\/\/hydrogeeks2.safeland.es\/?product=pressdrive-am-2e-230-50-60-014614-rep-copia#primaryimage"},"thumbnailUrl":"https:\/\/hydrogeeks2.safeland.es\/wp-content\/uploads\/2025\/09\/pressdrive05.jpg","datePublished":"2025-09-25T06:37:27+00:00","dateModified":"2026-02-23T10:42:20+00:00","breadcrumb":{"@id":"https:\/\/hydrogeeks2.safeland.es\/?product=pressdrive-am-2e-230-50-60-014614-rep-copia#breadcrumb"},"inLanguage":"es","potentialAction":[{"@type":"ReadAction","target":["https:\/\/hydrogeeks2.safeland.es\/?product=pressdrive-am-2e-230-50-60-014614-rep-copia"]}]},{"@type":"ImageObject","inLanguage":"es","@id":"https:\/\/hydrogeeks2.safeland.es\/?product=pressdrive-am-2e-230-50-60-014614-rep-copia#primaryimage","url":"https:\/\/hydrogeeks2.safeland.es\/wp-content\/uploads\/2025\/09\/pressdrive05.jpg","contentUrl":"https:\/\/hydrogeeks2.safeland.es\/wp-content\/uploads\/2025\/09\/pressdrive05.jpg","width":1024,"height":1365},{"@type":"BreadcrumbList","@id":"https:\/\/hydrogeeks2.safeland.es\/?product=pressdrive-am-2e-230-50-60-014614-rep-copia#breadcrumb","itemListElement":[{"@type":"ListItem","position":1,"name":"Portada","item":"https:\/\/hydrogeeks2.safeland.es\/"},{"@type":"ListItem","position":2,"name":"Shop","item":"https:\/\/hydrogeeks2.safeland.es\/?page_id=27"},{"@type":"ListItem","position":3,"name":"Dispositivo autom\u00e1tico de arranque y parada. (PRESSDRIVE 05 AM 2E 230 50\/60\u00a0 014702\/REP)"}]},{"@type":"WebSite","@id":"https:\/\/hydrogeeks2.safeland.es\/#website","url":"https:\/\/hydrogeeks2.safeland.es\/","name":"Hydrogeeks","description":"","potentialAction":[{"@type":"SearchAction","target":{"@type":"EntryPoint","urlTemplate":"https:\/\/hydrogeeks2.safeland.es\/?s={search_term_string}"},"query-input":{"@type":"PropertyValueSpecification","valueRequired":true,"valueName":"search_term_string"}}],"inLanguage":"es"}]}},"_links":{"self":[{"href":"https:\/\/hydrogeeks2.safeland.es\/index.php?rest_route=\/wp\/v2\/product\/3985","targetHints":{"allow":["GET"]}}],"collection":[{"href":"https:\/\/hydrogeeks2.safeland.es\/index.php?rest_route=\/wp\/v2\/product"}],"about":[{"href":"https:\/\/hydrogeeks2.safeland.es\/index.php?rest_route=\/wp\/v2\/types\/product"}],"replies":[{"embeddable":true,"href":"https:\/\/hydrogeeks2.safeland.es\/index.php?rest_route=%2Fwp%2Fv2%2Fcomments&post=3985"}],"version-history":[{"count":8,"href":"https:\/\/hydrogeeks2.safeland.es\/index.php?rest_route=\/wp\/v2\/product\/3985\/revisions"}],"predecessor-version":[{"id":6154,"href":"https:\/\/hydrogeeks2.safeland.es\/index.php?rest_route=\/wp\/v2\/product\/3985\/revisions\/6154"}],"wp:featuredmedia":[{"embeddable":true,"href":"https:\/\/hydrogeeks2.safeland.es\/index.php?rest_route=\/wp\/v2\/media\/3981"}],"wp:attachment":[{"href":"https:\/\/hydrogeeks2.safeland.es\/index.php?rest_route=%2Fwp%2Fv2%2Fmedia&parent=3985"}],"wp:term":[{"taxonomy":"product_brand","embeddable":true,"href":"https:\/\/hydrogeeks2.safeland.es\/index.php?rest_route=%2Fwp%2Fv2%2Fproduct_brand&post=3985"},{"taxonomy":"product_cat","embeddable":true,"href":"https:\/\/hydrogeeks2.safeland.es\/index.php?rest_route=%2Fwp%2Fv2%2Fproduct_cat&post=3985"},{"taxonomy":"product_tag","embeddable":true,"href":"https:\/\/hydrogeeks2.safeland.es\/index.php?rest_route=%2Fwp%2Fv2%2Fproduct_tag&post=3985"}],"curies":[{"name":"wp","href":"https:\/\/api.w.org\/{rel}","templated":true}]}}