{"id":4506,"date":"2025-10-03T08:27:57","date_gmt":"2025-10-03T08:27:57","guid":{"rendered":"https:\/\/hydrogeeks2.safeland.es\/?post_type=product&#038;p=4506"},"modified":"2026-02-23T09:07:39","modified_gmt":"2026-02-23T09:07:39","slug":"cke4-multi35-4","status":"publish","type":"product","link":"https:\/\/hydrogeeks2.safeland.es\/?product=cke4-multi35-4","title":{"rendered":"Juego de refuerzo autom\u00e1tico con velocidad variable para suministro de agua. (CKE4 MULTI35 4)"},"content":{"rendered":"\t\t<div data-elementor-type=\"product-post\" data-elementor-id=\"4506\" class=\"elementor elementor-4506\" data-elementor-post-type=\"product\">\n\t\t\t\t<div class=\"elementor-element elementor-element-41bac60a e-flex e-con-boxed e-con e-parent\" data-id=\"41bac60a\" data-element_type=\"container\">\n\t\t\t\t\t<div class=\"e-con-inner\">\n\t\t\t\t<div class=\"elementor-element elementor-element-4802a7ed elementor-widget elementor-widget-text-editor\" data-id=\"4802a7ed\" data-element_type=\"widget\" data-widget_type=\"text-editor.default\">\n\t\t\t\t\t\t\t\t\t<p class=\"desc\">Bombeo autom\u00e1tico de agua potable para uso dom\u00e9stico, industrial, agr\u00edcola y de jardiner\u00eda. La operaci\u00f3n es de velocidad variable para mantener la presi\u00f3n y el flujo constante que exige el apartamento, edificio o instalaci\u00f3n en cada momento. Adecuado para aplicaciones como riego por aspersi\u00f3n o goteo, transferencia de agua o refuerzo dom\u00e9stico. Silencioso. Presi\u00f3n de trabajo ajustable.<\/p>\t\t\t\t\t\t\t\t<\/div>\n\t\t\t\t\t<\/div>\n\t\t\t\t<\/div>\n\t\t<div class=\"elementor-element elementor-element-e48563c e-flex e-con-boxed e-con e-parent\" data-id=\"e48563c\" data-element_type=\"container\">\n\t\t\t\t\t<div class=\"e-con-inner\">\n\t\t\t\t<div class=\"elementor-element elementor-element-3b3a668 elementor-widget elementor-widget-html\" data-id=\"3b3a668\" data-element_type=\"widget\" data-widget_type=\"html.default\">\n\t\t\t\t\t<div class=\"col-sm-12\">\r\n\r\n    <style>\r\n        .producto-widget-container {\r\n            font-family: system-ui, -apple-system, BlinkMacSystemFont, 'Segoe UI', Roboto, Oxygen, Ubuntu, Cantarell, 'Open Sans', 'Helvetica Neue', sans-serif;\r\n            border: 1px solid #ddd;\r\n            border-radius: 5px;\r\n            overflow: hidden;\r\n        }\r\n        .producto-widget-container .data-header {\r\n            background: linear-gradient(to right, #213E5C, #1292D4);\r\n            color: white;\r\n            font-weight: 900;\r\n            padding: 12px 15px;\r\n            font-size: 1.1em;\r\n            margin: 0;\r\n            letter-spacing: 1.5px;\r\n        }\r\n        .producto-widget-container .content-area {\r\n            padding: 15px;\r\n        }\r\n        table.info-table {\r\n            width: 100%;\r\n            border-collapse: collapse;\r\n            margin-bottom: 20px;\r\n            font-size: 14px;\r\n        }\r\n        table.info-table th,\r\n        table.info-table td {\r\n            border: 1px solid #e1e1e1;\r\n            padding: 10px 12px;\r\n            text-align: left;\r\n            vertical-align: top;\r\n        }\r\n        table.info-table th {\r\n            font-weight: bold;\r\n            color: #333;\r\n            background-color: #f2f2f2;\r\n            width: 25%;\r\n        }\r\n        table.info-table td {\r\n             width: 25%;\r\n        }\r\n        table.info-table tbody tr:nth-child(odd) { background-color: #f9f9f2; }\r\n        \r\n        table.info-table .header-row th {\r\n            text-align: center;\r\n            background: linear-gradient(to right, #213E5C, #1292D4);\r\n            color: white;\r\n            font-weight: bold;\r\n            width: 100%;\r\n        }\r\n        .text-danger.helper-text {\r\n            color: #dc3545;\r\n            font-size: 0.85em;\r\n        }\r\n    <\/style>\r\n\r\n    <div class=\"producto-widget-container\">\r\n        <h3 class=\"data-header\">Informaci\u00f3n de producto<\/h3>\r\n        <div class=\"content-area\">\r\n        \r\n             <table class=\"info-table\">\r\n                <tbody>\r\n                    <tr>\r\n                        <th style=\"width: 75%;\">Altura m\u00e1xima<span class=\"text-danger helper-text\"> (mca)<\/span><\/th>\r\n                        <td style=\"width: 25%;\">57<\/td>\r\n                    <\/tr>\r\n                    <tr>\r\n                        <th style=\"width: 75%;\">Potencia motor P2<span class=\"text-danger helper-text\"> (kW)<\/span><\/th>\r\n                        <td style=\"width: 25%;\">1.1<\/td>\r\n                    <\/tr>\r\n                    <tr>\r\n                        <th style=\"width: 75%;\">Capacidad del dep\u00f3sito<span class=\"text-danger helper-text\"> (l)<\/span><\/th>\r\n                        <td style=\"width: 25%;\">20<\/td>\r\n                    <\/tr>\r\n                <\/tbody>\r\n            <\/table>\r\n\r\n            <h3 class=\"data-header\">Caracter\u00edsticas<\/h3>\r\n            \r\n            <table class=\"info-table\">\r\n                 <thead><tr class=\"header-row\"><th colspan=\"4\">Caracter\u00edsticas el\u00e9ctricas<\/th><\/tr><\/thead>\r\n                <tbody>\r\n                    <tr>\r\n                        <th>Aislamiento el\u00e9ctrico<\/th>\r\n                        <td>Clase F<\/td>\r\n                        <th>Grado protecci\u00f3n<\/th>\r\n                        <td>IPX5<\/td>\r\n                    <\/tr>\r\n                     <tr>\r\n                        <th>Rearme<\/th>\r\n                        <td>Autom\u00e1tico<\/td>\r\n                        <th>Tipo de motor<\/th>\r\n                        <td>As\u00edncrono<\/td>\r\n                    <\/tr>\r\n                     <tr>\r\n                        <th>Factor de servicio<\/th>\r\n                        <td>S1<\/td>\r\n                        <th><\/th>\r\n                        <td><\/td>\r\n                    <\/tr>\r\n                <\/tbody>\r\n            <\/table>\r\n            \r\n            <table class=\"info-table\">\r\n                 <thead><tr class=\"header-row\"><th colspan=\"4\">L\u00edmites de utilizaci\u00f3n<\/th><\/tr><\/thead>\r\n                <tbody>\r\n                    <tr>\r\n                        <th>Temperatura del l\u00edquido <span class=\"text-danger helper-text\">(\u00baC)<\/span><\/th>\r\n                        <td>Max: 40<\/td>\r\n                         <th><\/th>\r\n                        <td><\/td>\r\n                    <\/tr>\r\n                <\/tbody>\r\n            <\/table>\r\n            \r\n             <table class=\"info-table\">\r\n                 <thead><tr class=\"header-row\"><th colspan=\"4\">Equipamiento<\/th><\/tr><\/thead>\r\n                <tbody>\r\n                    <tr>\r\n                        <th>Man\u00f3metro<\/th>\r\n                        <td>Incluido<\/td>\r\n                         <th>Sensor de presi\u00f3n<\/th>\r\n                        <td>Incluido<\/td>\r\n                    <\/tr>\r\n                     <tr>\r\n                        <th>V\u00e1lvula de retenci\u00f3n<\/th>\r\n                        <td>Incluida<\/td>\r\n                         <th><\/th>\r\n                        <td><\/td>\r\n                    <\/tr>\r\n                <\/tbody>\r\n            <\/table>\r\n\r\n            <table class=\"info-table\">\r\n                <thead><tr class=\"header-row\"><th colspan=\"4\">Materiales<\/th><\/tr><\/thead>\r\n                <tbody>\r\n                    <tr>\r\n                        <th>Cierre mec\u00e1nico<\/th>\r\n                        <td>Al\u00famina-Grafito<\/td>\r\n                        <th>Cuerpo aspiraci\u00f3n<\/th>\r\n                        <td>Fundici\u00f3n<\/td>\r\n                    <\/tr>\r\n                    <tr>\r\n                        <th>Cuerpo envolvente<\/th>\r\n                        <td>Acero inoxidable AISI 304<\/td>\r\n                        <th>Cuerpo impulsi\u00f3n<\/th>\r\n                        <td>Fundici\u00f3n<\/td>\r\n                    <\/tr>\r\n                    <tr>\r\n                        <th>Difusor\/es<\/th>\r\n                        <td>Tecnopol\u00edmero<\/td>\r\n                        <th>Eje bomba<\/th>\r\n                        <td>AISI 420<\/td>\r\n                    <\/tr>\r\n                     <tr>\r\n                        <th>Carcasa motor<\/th>\r\n                        <td>Aluminio<\/td>\r\n                        <th>Impulsor\/es<\/th>\r\n                        <td>Acero inoxidable AISI 304<\/td>\r\n                    <\/tr>\r\n                     <tr>\r\n                        <th>Juntas<\/th>\r\n                        <td>NBR\/EPDM<\/td>\r\n                        <th><\/th>\r\n                        <td><\/td>\r\n                    <\/tr>\r\n                <\/tbody>\r\n            <\/table>\r\n\r\n            <table class=\"info-table\">\r\n                 <thead><tr class=\"header-row\"><th colspan=\"4\">Caracter\u00edsticas constructivas<\/th><\/tr><\/thead>\r\n                <tbody>\r\n                     <tr>\r\n                        <th>Refrigeraci\u00f3n motor<\/th>\r\n                        <td>Ventilador<\/td>\r\n                        <th>Estanqueidad mediante<\/th>\r\n                        <td>Cierre mec\u00e1nico<\/td>\r\n                    <\/tr>\r\n                    <tr>\r\n                        <th>Tipo conexi\u00f3n aspiraci\u00f3n<\/th>\r\n                        <td>Rosca<\/td>\r\n                        <th>Tipo conexi\u00f3n impulsi\u00f3n<\/th>\r\n                        <td>Rosca<\/td>\r\n                    <\/tr>\r\n                <\/tbody>\r\n            <\/table>\r\n        <\/div>\r\n    <\/div>\r\n<\/div>\r\n\t\t\t\t<\/div>\n\t\t\t\t<div class=\"elementor-element elementor-element-0ec4d82 elementor-align-center elementor-widget elementor-widget-button\" data-id=\"0ec4d82\" data-element_type=\"widget\" data-widget_type=\"button.default\">\n\t\t\t\t\t\t\t\t\t\t<a class=\"elementor-button elementor-button-link elementor-size-sm\" href=\"https:\/\/hydrogeeks2.safeland.es\/wp-content\/uploads\/2025\/10\/instruction-manual-espa-cke-cpe.pdf\">\n\t\t\t\t\t\t<span class=\"elementor-button-content-wrapper\">\n\t\t\t\t\t\t<span class=\"elementor-button-icon\">\n\t\t\t\t<svg aria-hidden=\"true\" class=\"e-font-icon-svg e-fas-arrow-right\" viewBox=\"0 0 448 512\" xmlns=\"http:\/\/www.w3.org\/2000\/svg\"><path d=\"M190.5 66.9l22.2-22.2c9.4-9.4 24.6-9.4 33.9 0L441 239c9.4 9.4 9.4 24.6 0 33.9L246.6 467.3c-9.4 9.4-24.6 9.4-33.9 0l-22.2-22.2c-9.5-9.5-9.3-25 .4-34.3L311.4 296H24c-13.3 0-24-10.7-24-24v-32c0-13.3 10.7-24 24-24h287.4L190.9 101.2c-9.8-9.3-10-24.8-.4-34.3z\"><\/path><\/svg>\t\t\t<\/span>\n\t\t\t\t\t\t\t\t\t<span class=\"elementor-button-text\">Descargar manual de uso<\/span>\n\t\t\t\t\t<\/span>\n\t\t\t\t\t<\/a>\n\t\t\t\t\t\t\t\t<\/div>\n\t\t\t\t<div class=\"elementor-element elementor-element-643cd34 elementor-align-center elementor-widget elementor-widget-button\" data-id=\"643cd34\" data-element_type=\"widget\" data-widget_type=\"button.default\">\n\t\t\t\t\t\t\t\t\t\t<a class=\"elementor-button elementor-button-link elementor-size-sm\" href=\"https:\/\/hydrogeeks2.safeland.es\/wp-content\/uploads\/2025\/10\/espa-drainex-4-5-6-spare-parts.gif\">\n\t\t\t\t\t\t<span class=\"elementor-button-content-wrapper\">\n\t\t\t\t\t\t<span class=\"elementor-button-icon\">\n\t\t\t\t<svg aria-hidden=\"true\" class=\"e-font-icon-svg e-fas-arrow-right\" viewBox=\"0 0 448 512\" xmlns=\"http:\/\/www.w3.org\/2000\/svg\"><path d=\"M190.5 66.9l22.2-22.2c9.4-9.4 24.6-9.4 33.9 0L441 239c9.4 9.4 9.4 24.6 0 33.9L246.6 467.3c-9.4 9.4-24.6 9.4-33.9 0l-22.2-22.2c-9.5-9.5-9.3-25 .4-34.3L311.4 296H24c-13.3 0-24-10.7-24-24v-32c0-13.3 10.7-24 24-24h287.4L190.9 101.2c-9.8-9.3-10-24.8-.4-34.3z\"><\/path><\/svg>\t\t\t<\/span>\n\t\t\t\t\t\t\t\t\t<span class=\"elementor-button-text\">Piezas de repuesto<\/span>\n\t\t\t\t\t<\/span>\n\t\t\t\t\t<\/a>\n\t\t\t\t\t\t\t\t<\/div>\n\t\t\t\t\t<\/div>\n\t\t\t\t<\/div>\n\t\t\t\t<\/div>\n\t\t","protected":false},"excerpt":{"rendered":"<p class=\"short-title\">Juego de refuerzo autom\u00e1tico con velocidad variable para suministro de agua.<\/p>\n","protected":false},"featured_media":4507,"comment_status":"open","ping_status":"closed","template":"","meta":[],"product_brand":[29],"product_cat":[78,34],"product_tag":[],"class_list":{"0":"post-4506","1":"product","2":"type-product","3":"status-publish","4":"has-post-thumbnail","6":"product_brand-espa","7":"product_cat-bombas-y-equipos-de-presurizacion","8":"product_cat-suministro","10":"first","11":"instock","12":"sale","13":"taxable","14":"shipping-taxable","15":"purchasable","16":"product-type-simple"},"yoast_head":"<!-- This site is optimized with the Yoast SEO plugin v25.5 - https:\/\/yoast.com\/wordpress\/plugins\/seo\/ -->\n<title>Juego de refuerzo autom\u00e1tico con velocidad variable para suministro de agua. (CKE4 MULTI35 4) - Hydrogeeks<\/title>\n<meta name=\"robots\" content=\"index, follow, max-snippet:-1, max-image-preview:large, max-video-preview:-1\" \/>\n<link rel=\"canonical\" href=\"https:\/\/hydrogeeks2.safeland.es\/?product=cke4-multi35-4\" \/>\n<meta property=\"og:locale\" content=\"es_ES\" \/>\n<meta property=\"og:type\" content=\"article\" \/>\n<meta property=\"og:title\" content=\"Juego de refuerzo autom\u00e1tico con velocidad variable para suministro de agua. (CKE4 MULTI35 4) - Hydrogeeks\" \/>\n<meta property=\"og:description\" content=\"Juego de refuerzo autom\u00e1tico con velocidad variable para suministro de agua.\" \/>\n<meta property=\"og:url\" content=\"https:\/\/hydrogeeks2.safeland.es\/?product=cke4-multi35-4\" \/>\n<meta property=\"og:site_name\" content=\"Hydrogeeks\" \/>\n<meta property=\"article:modified_time\" content=\"2026-02-23T09:07:39+00:00\" \/>\n<meta property=\"og:image\" content=\"https:\/\/hydrogeeks2.safeland.es\/wp-content\/uploads\/2025\/10\/cke-4.png\" \/>\n\t<meta property=\"og:image:width\" content=\"1024\" \/>\n\t<meta property=\"og:image:height\" content=\"1393\" \/>\n\t<meta property=\"og:image:type\" content=\"image\/png\" \/>\n<meta name=\"twitter:card\" content=\"summary_large_image\" \/>\n<meta name=\"twitter:label1\" content=\"Tiempo de lectura\" \/>\n\t<meta name=\"twitter:data1\" content=\"1 minuto\" \/>\n<script type=\"application\/ld+json\" class=\"yoast-schema-graph\">{\"@context\":\"https:\/\/schema.org\",\"@graph\":[{\"@type\":\"WebPage\",\"@id\":\"https:\/\/hydrogeeks2.safeland.es\/?product=cke4-multi35-4\",\"url\":\"https:\/\/hydrogeeks2.safeland.es\/?product=cke4-multi35-4\",\"name\":\"Juego de refuerzo autom\u00e1tico con velocidad variable para suministro de agua. (CKE4 MULTI35 4) - Hydrogeeks\",\"isPartOf\":{\"@id\":\"https:\/\/hydrogeeks2.safeland.es\/#website\"},\"primaryImageOfPage\":{\"@id\":\"https:\/\/hydrogeeks2.safeland.es\/?product=cke4-multi35-4#primaryimage\"},\"image\":{\"@id\":\"https:\/\/hydrogeeks2.safeland.es\/?product=cke4-multi35-4#primaryimage\"},\"thumbnailUrl\":\"https:\/\/hydrogeeks2.safeland.es\/wp-content\/uploads\/2025\/10\/cke-4.png\",\"datePublished\":\"2025-10-03T08:27:57+00:00\",\"dateModified\":\"2026-02-23T09:07:39+00:00\",\"breadcrumb\":{\"@id\":\"https:\/\/hydrogeeks2.safeland.es\/?product=cke4-multi35-4#breadcrumb\"},\"inLanguage\":\"es\",\"potentialAction\":[{\"@type\":\"ReadAction\",\"target\":[\"https:\/\/hydrogeeks2.safeland.es\/?product=cke4-multi35-4\"]}]},{\"@type\":\"ImageObject\",\"inLanguage\":\"es\",\"@id\":\"https:\/\/hydrogeeks2.safeland.es\/?product=cke4-multi35-4#primaryimage\",\"url\":\"https:\/\/hydrogeeks2.safeland.es\/wp-content\/uploads\/2025\/10\/cke-4.png\",\"contentUrl\":\"https:\/\/hydrogeeks2.safeland.es\/wp-content\/uploads\/2025\/10\/cke-4.png\",\"width\":1024,\"height\":1393},{\"@type\":\"BreadcrumbList\",\"@id\":\"https:\/\/hydrogeeks2.safeland.es\/?product=cke4-multi35-4#breadcrumb\",\"itemListElement\":[{\"@type\":\"ListItem\",\"position\":1,\"name\":\"Portada\",\"item\":\"https:\/\/hydrogeeks2.safeland.es\/\"},{\"@type\":\"ListItem\",\"position\":2,\"name\":\"Shop\",\"item\":\"https:\/\/hydrogeeks2.safeland.es\/?page_id=27\"},{\"@type\":\"ListItem\",\"position\":3,\"name\":\"Juego de refuerzo autom\u00e1tico con velocidad variable para suministro de agua. (CKE4 MULTI35 4)\"}]},{\"@type\":\"WebSite\",\"@id\":\"https:\/\/hydrogeeks2.safeland.es\/#website\",\"url\":\"https:\/\/hydrogeeks2.safeland.es\/\",\"name\":\"Hydrogeeks\",\"description\":\"\",\"potentialAction\":[{\"@type\":\"SearchAction\",\"target\":{\"@type\":\"EntryPoint\",\"urlTemplate\":\"https:\/\/hydrogeeks2.safeland.es\/?s={search_term_string}\"},\"query-input\":{\"@type\":\"PropertyValueSpecification\",\"valueRequired\":true,\"valueName\":\"search_term_string\"}}],\"inLanguage\":\"es\"}]}<\/script>\n<!-- \/ Yoast SEO plugin. -->","yoast_head_json":{"title":"Juego de refuerzo autom\u00e1tico con velocidad variable para suministro de agua. (CKE4 MULTI35 4) - Hydrogeeks","robots":{"index":"index","follow":"follow","max-snippet":"max-snippet:-1","max-image-preview":"max-image-preview:large","max-video-preview":"max-video-preview:-1"},"canonical":"https:\/\/hydrogeeks2.safeland.es\/?product=cke4-multi35-4","og_locale":"es_ES","og_type":"article","og_title":"Juego de refuerzo autom\u00e1tico con velocidad variable para suministro de agua. (CKE4 MULTI35 4) - Hydrogeeks","og_description":"Juego de refuerzo autom\u00e1tico con velocidad variable para suministro de agua.","og_url":"https:\/\/hydrogeeks2.safeland.es\/?product=cke4-multi35-4","og_site_name":"Hydrogeeks","article_modified_time":"2026-02-23T09:07:39+00:00","og_image":[{"width":1024,"height":1393,"url":"https:\/\/hydrogeeks2.safeland.es\/wp-content\/uploads\/2025\/10\/cke-4.png","type":"image\/png"}],"twitter_card":"summary_large_image","twitter_misc":{"Tiempo de lectura":"1 minuto"},"schema":{"@context":"https:\/\/schema.org","@graph":[{"@type":"WebPage","@id":"https:\/\/hydrogeeks2.safeland.es\/?product=cke4-multi35-4","url":"https:\/\/hydrogeeks2.safeland.es\/?product=cke4-multi35-4","name":"Juego de refuerzo autom\u00e1tico con velocidad variable para suministro de agua. (CKE4 MULTI35 4) - Hydrogeeks","isPartOf":{"@id":"https:\/\/hydrogeeks2.safeland.es\/#website"},"primaryImageOfPage":{"@id":"https:\/\/hydrogeeks2.safeland.es\/?product=cke4-multi35-4#primaryimage"},"image":{"@id":"https:\/\/hydrogeeks2.safeland.es\/?product=cke4-multi35-4#primaryimage"},"thumbnailUrl":"https:\/\/hydrogeeks2.safeland.es\/wp-content\/uploads\/2025\/10\/cke-4.png","datePublished":"2025-10-03T08:27:57+00:00","dateModified":"2026-02-23T09:07:39+00:00","breadcrumb":{"@id":"https:\/\/hydrogeeks2.safeland.es\/?product=cke4-multi35-4#breadcrumb"},"inLanguage":"es","potentialAction":[{"@type":"ReadAction","target":["https:\/\/hydrogeeks2.safeland.es\/?product=cke4-multi35-4"]}]},{"@type":"ImageObject","inLanguage":"es","@id":"https:\/\/hydrogeeks2.safeland.es\/?product=cke4-multi35-4#primaryimage","url":"https:\/\/hydrogeeks2.safeland.es\/wp-content\/uploads\/2025\/10\/cke-4.png","contentUrl":"https:\/\/hydrogeeks2.safeland.es\/wp-content\/uploads\/2025\/10\/cke-4.png","width":1024,"height":1393},{"@type":"BreadcrumbList","@id":"https:\/\/hydrogeeks2.safeland.es\/?product=cke4-multi35-4#breadcrumb","itemListElement":[{"@type":"ListItem","position":1,"name":"Portada","item":"https:\/\/hydrogeeks2.safeland.es\/"},{"@type":"ListItem","position":2,"name":"Shop","item":"https:\/\/hydrogeeks2.safeland.es\/?page_id=27"},{"@type":"ListItem","position":3,"name":"Juego de refuerzo autom\u00e1tico con velocidad variable para suministro de agua. (CKE4 MULTI35 4)"}]},{"@type":"WebSite","@id":"https:\/\/hydrogeeks2.safeland.es\/#website","url":"https:\/\/hydrogeeks2.safeland.es\/","name":"Hydrogeeks","description":"","potentialAction":[{"@type":"SearchAction","target":{"@type":"EntryPoint","urlTemplate":"https:\/\/hydrogeeks2.safeland.es\/?s={search_term_string}"},"query-input":{"@type":"PropertyValueSpecification","valueRequired":true,"valueName":"search_term_string"}}],"inLanguage":"es"}]}},"_links":{"self":[{"href":"https:\/\/hydrogeeks2.safeland.es\/index.php?rest_route=\/wp\/v2\/product\/4506","targetHints":{"allow":["GET"]}}],"collection":[{"href":"https:\/\/hydrogeeks2.safeland.es\/index.php?rest_route=\/wp\/v2\/product"}],"about":[{"href":"https:\/\/hydrogeeks2.safeland.es\/index.php?rest_route=\/wp\/v2\/types\/product"}],"replies":[{"embeddable":true,"href":"https:\/\/hydrogeeks2.safeland.es\/index.php?rest_route=%2Fwp%2Fv2%2Fcomments&post=4506"}],"version-history":[{"count":6,"href":"https:\/\/hydrogeeks2.safeland.es\/index.php?rest_route=\/wp\/v2\/product\/4506\/revisions"}],"predecessor-version":[{"id":6040,"href":"https:\/\/hydrogeeks2.safeland.es\/index.php?rest_route=\/wp\/v2\/product\/4506\/revisions\/6040"}],"wp:featuredmedia":[{"embeddable":true,"href":"https:\/\/hydrogeeks2.safeland.es\/index.php?rest_route=\/wp\/v2\/media\/4507"}],"wp:attachment":[{"href":"https:\/\/hydrogeeks2.safeland.es\/index.php?rest_route=%2Fwp%2Fv2%2Fmedia&parent=4506"}],"wp:term":[{"taxonomy":"product_brand","embeddable":true,"href":"https:\/\/hydrogeeks2.safeland.es\/index.php?rest_route=%2Fwp%2Fv2%2Fproduct_brand&post=4506"},{"taxonomy":"product_cat","embeddable":true,"href":"https:\/\/hydrogeeks2.safeland.es\/index.php?rest_route=%2Fwp%2Fv2%2Fproduct_cat&post=4506"},{"taxonomy":"product_tag","embeddable":true,"href":"https:\/\/hydrogeeks2.safeland.es\/index.php?rest_route=%2Fwp%2Fv2%2Fproduct_tag&post=4506"}],"curies":[{"name":"wp","href":"https:\/\/api.w.org\/{rel}","templated":true}]}}