{"id":4607,"date":"2025-10-15T11:03:34","date_gmt":"2025-10-15T11:03:34","guid":{"rendered":"https:\/\/hydrogeeks2.safeland.es\/?post_type=product&#038;p=4607"},"modified":"2026-02-23T09:00:31","modified_gmt":"2026-02-23T09:00:31","slug":"at-at","status":"publish","type":"product","link":"https:\/\/hydrogeeks2.safeland.es\/?product=at-at","title":{"rendered":"ATHENA.AT"},"content":{"rendered":"<ul>\n<li><b>CABEZAL DE BOMBA EN PVDF<\/b><\/li>\n<li><b>CONEXIONES R\u00c1PIDAS<\/b><\/li>\n<li><b>ALIMENTACI\u00d3N 100\u00f7240 Vac, 50\/60Hz<\/b><\/li>\n<li><b>GRADO DE PROTECCI\u00d3N IP65<\/b><\/li>\n<li><b>V\u00c1LVULA DE CEBADO MANUAL<\/b><\/li>\n<\/ul>\n","protected":false},"excerpt":{"rendered":"<ul>\n<li><b>ANAL\u00d3GICA DE CAUDAL CONSTANTE CON REGULACI\u00d3N MANUAL DEL CAUDAL Y DOSIFICACI\u00d3N AJUSTABLE EN EL TIEMPO, MEDIANTE DOBLE REGULACI\u00d3N \u00abT on-T off\u00bb (tiempo de actividad &#8211; tiempo de pausa)<\/b><\/li>\n<li><b>Dise\u00f1ada espec\u00edficamente para satisfacer las exigencias de la dosificaci\u00f3n de peque\u00f1os vol\u00famenes<\/b><\/li>\n<li><b>La reducci\u00f3n del volumen unitario permite mantener inalterado el n\u00famero de emboladas (carreras)<\/b><\/li>\n<li><b>La calidad de la dosificaci\u00f3n est\u00e1 garantizada por el sistema antigoteo del atomizador<\/b><\/li>\n<\/ul>\n","protected":false},"featured_media":4560,"comment_status":"open","ping_status":"closed","template":"","meta":[],"product_brand":[],"product_cat":[],"product_tag":[],"class_list":{"0":"post-4607","1":"product","2":"type-product","3":"status-publish","4":"has-post-thumbnail","7":"first","8":"instock","9":"sale","10":"taxable","11":"shipping-taxable","12":"purchasable","13":"product-type-variable"},"yoast_head":"<!-- This site is optimized with the Yoast SEO plugin v25.5 - https:\/\/yoast.com\/wordpress\/plugins\/seo\/ -->\n<title>ATHENA.AT - Hydrogeeks<\/title>\n<meta name=\"robots\" content=\"index, follow, max-snippet:-1, max-image-preview:large, max-video-preview:-1\" \/>\n<link rel=\"canonical\" href=\"https:\/\/hydrogeeks2.safeland.es\/?product=at-at\" \/>\n<meta property=\"og:locale\" content=\"es_ES\" \/>\n<meta property=\"og:type\" content=\"article\" \/>\n<meta property=\"og:title\" content=\"ATHENA.AT - Hydrogeeks\" \/>\n<meta property=\"og:description\" content=\"ANAL\u00d3GICA DE CAUDAL CONSTANTE CON REGULACI\u00d3N MANUAL DEL CAUDAL Y DOSIFICACI\u00d3N AJUSTABLE EN EL TIEMPO, MEDIANTE DOBLE REGULACI\u00d3N &quot;T on-T off&quot; (tiempo de actividad - tiempo de pausa)  Dise\u00f1ada espec\u00edficamente para satisfacer las exigencias de la dosificaci\u00f3n de peque\u00f1os vol\u00famenes  La reducci\u00f3n del volumen unitario permite mantener inalterado el n\u00famero de emboladas (carreras)  La calidad de la dosificaci\u00f3n est\u00e1 garantizada por el sistema antigoteo del atomizador\" \/>\n<meta property=\"og:url\" content=\"https:\/\/hydrogeeks2.safeland.es\/?product=at-at\" \/>\n<meta property=\"og:site_name\" content=\"Hydrogeeks\" \/>\n<meta property=\"article:modified_time\" content=\"2026-02-23T09:00:31+00:00\" \/>\n<meta property=\"og:image\" content=\"https:\/\/hydrogeeks2.safeland.es\/wp-content\/uploads\/2025\/10\/imagen_2025-10-15_082816687.png\" \/>\n\t<meta property=\"og:image:width\" content=\"233\" \/>\n\t<meta property=\"og:image:height\" content=\"248\" \/>\n\t<meta property=\"og:image:type\" content=\"image\/png\" \/>\n<meta name=\"twitter:card\" content=\"summary_large_image\" \/>\n<meta name=\"twitter:label1\" content=\"Tiempo de lectura\" \/>\n\t<meta name=\"twitter:data1\" content=\"1 minuto\" \/>\n<script type=\"application\/ld+json\" class=\"yoast-schema-graph\">{\"@context\":\"https:\/\/schema.org\",\"@graph\":[{\"@type\":\"WebPage\",\"@id\":\"https:\/\/hydrogeeks2.safeland.es\/?product=at-at\",\"url\":\"https:\/\/hydrogeeks2.safeland.es\/?product=at-at\",\"name\":\"ATHENA.AT - Hydrogeeks\",\"isPartOf\":{\"@id\":\"https:\/\/hydrogeeks2.safeland.es\/#website\"},\"primaryImageOfPage\":{\"@id\":\"https:\/\/hydrogeeks2.safeland.es\/?product=at-at#primaryimage\"},\"image\":{\"@id\":\"https:\/\/hydrogeeks2.safeland.es\/?product=at-at#primaryimage\"},\"thumbnailUrl\":\"https:\/\/hydrogeeks2.safeland.es\/wp-content\/uploads\/2025\/10\/imagen_2025-10-15_082816687.png\",\"datePublished\":\"2025-10-15T11:03:34+00:00\",\"dateModified\":\"2026-02-23T09:00:31+00:00\",\"breadcrumb\":{\"@id\":\"https:\/\/hydrogeeks2.safeland.es\/?product=at-at#breadcrumb\"},\"inLanguage\":\"es\",\"potentialAction\":[{\"@type\":\"ReadAction\",\"target\":[\"https:\/\/hydrogeeks2.safeland.es\/?product=at-at\"]}]},{\"@type\":\"ImageObject\",\"inLanguage\":\"es\",\"@id\":\"https:\/\/hydrogeeks2.safeland.es\/?product=at-at#primaryimage\",\"url\":\"https:\/\/hydrogeeks2.safeland.es\/wp-content\/uploads\/2025\/10\/imagen_2025-10-15_082816687.png\",\"contentUrl\":\"https:\/\/hydrogeeks2.safeland.es\/wp-content\/uploads\/2025\/10\/imagen_2025-10-15_082816687.png\",\"width\":233,\"height\":248},{\"@type\":\"BreadcrumbList\",\"@id\":\"https:\/\/hydrogeeks2.safeland.es\/?product=at-at#breadcrumb\",\"itemListElement\":[{\"@type\":\"ListItem\",\"position\":1,\"name\":\"Portada\",\"item\":\"https:\/\/hydrogeeks2.safeland.es\/\"},{\"@type\":\"ListItem\",\"position\":2,\"name\":\"Shop\",\"item\":\"https:\/\/hydrogeeks2.safeland.es\/?page_id=27\"},{\"@type\":\"ListItem\",\"position\":3,\"name\":\"ATHENA.AT\"}]},{\"@type\":\"WebSite\",\"@id\":\"https:\/\/hydrogeeks2.safeland.es\/#website\",\"url\":\"https:\/\/hydrogeeks2.safeland.es\/\",\"name\":\"Hydrogeeks\",\"description\":\"\",\"potentialAction\":[{\"@type\":\"SearchAction\",\"target\":{\"@type\":\"EntryPoint\",\"urlTemplate\":\"https:\/\/hydrogeeks2.safeland.es\/?s={search_term_string}\"},\"query-input\":{\"@type\":\"PropertyValueSpecification\",\"valueRequired\":true,\"valueName\":\"search_term_string\"}}],\"inLanguage\":\"es\"}]}<\/script>\n<!-- \/ Yoast SEO plugin. -->","yoast_head_json":{"title":"ATHENA.AT - Hydrogeeks","robots":{"index":"index","follow":"follow","max-snippet":"max-snippet:-1","max-image-preview":"max-image-preview:large","max-video-preview":"max-video-preview:-1"},"canonical":"https:\/\/hydrogeeks2.safeland.es\/?product=at-at","og_locale":"es_ES","og_type":"article","og_title":"ATHENA.AT - Hydrogeeks","og_description":"ANAL\u00d3GICA DE CAUDAL CONSTANTE CON REGULACI\u00d3N MANUAL DEL CAUDAL Y DOSIFICACI\u00d3N AJUSTABLE EN EL TIEMPO, MEDIANTE DOBLE REGULACI\u00d3N \"T on-T off\" (tiempo de actividad - tiempo de pausa)  Dise\u00f1ada espec\u00edficamente para satisfacer las exigencias de la dosificaci\u00f3n de peque\u00f1os vol\u00famenes  La reducci\u00f3n del volumen unitario permite mantener inalterado el n\u00famero de emboladas (carreras)  La calidad de la dosificaci\u00f3n est\u00e1 garantizada por el sistema antigoteo del atomizador","og_url":"https:\/\/hydrogeeks2.safeland.es\/?product=at-at","og_site_name":"Hydrogeeks","article_modified_time":"2026-02-23T09:00:31+00:00","og_image":[{"width":233,"height":248,"url":"https:\/\/hydrogeeks2.safeland.es\/wp-content\/uploads\/2025\/10\/imagen_2025-10-15_082816687.png","type":"image\/png"}],"twitter_card":"summary_large_image","twitter_misc":{"Tiempo de lectura":"1 minuto"},"schema":{"@context":"https:\/\/schema.org","@graph":[{"@type":"WebPage","@id":"https:\/\/hydrogeeks2.safeland.es\/?product=at-at","url":"https:\/\/hydrogeeks2.safeland.es\/?product=at-at","name":"ATHENA.AT - Hydrogeeks","isPartOf":{"@id":"https:\/\/hydrogeeks2.safeland.es\/#website"},"primaryImageOfPage":{"@id":"https:\/\/hydrogeeks2.safeland.es\/?product=at-at#primaryimage"},"image":{"@id":"https:\/\/hydrogeeks2.safeland.es\/?product=at-at#primaryimage"},"thumbnailUrl":"https:\/\/hydrogeeks2.safeland.es\/wp-content\/uploads\/2025\/10\/imagen_2025-10-15_082816687.png","datePublished":"2025-10-15T11:03:34+00:00","dateModified":"2026-02-23T09:00:31+00:00","breadcrumb":{"@id":"https:\/\/hydrogeeks2.safeland.es\/?product=at-at#breadcrumb"},"inLanguage":"es","potentialAction":[{"@type":"ReadAction","target":["https:\/\/hydrogeeks2.safeland.es\/?product=at-at"]}]},{"@type":"ImageObject","inLanguage":"es","@id":"https:\/\/hydrogeeks2.safeland.es\/?product=at-at#primaryimage","url":"https:\/\/hydrogeeks2.safeland.es\/wp-content\/uploads\/2025\/10\/imagen_2025-10-15_082816687.png","contentUrl":"https:\/\/hydrogeeks2.safeland.es\/wp-content\/uploads\/2025\/10\/imagen_2025-10-15_082816687.png","width":233,"height":248},{"@type":"BreadcrumbList","@id":"https:\/\/hydrogeeks2.safeland.es\/?product=at-at#breadcrumb","itemListElement":[{"@type":"ListItem","position":1,"name":"Portada","item":"https:\/\/hydrogeeks2.safeland.es\/"},{"@type":"ListItem","position":2,"name":"Shop","item":"https:\/\/hydrogeeks2.safeland.es\/?page_id=27"},{"@type":"ListItem","position":3,"name":"ATHENA.AT"}]},{"@type":"WebSite","@id":"https:\/\/hydrogeeks2.safeland.es\/#website","url":"https:\/\/hydrogeeks2.safeland.es\/","name":"Hydrogeeks","description":"","potentialAction":[{"@type":"SearchAction","target":{"@type":"EntryPoint","urlTemplate":"https:\/\/hydrogeeks2.safeland.es\/?s={search_term_string}"},"query-input":{"@type":"PropertyValueSpecification","valueRequired":true,"valueName":"search_term_string"}}],"inLanguage":"es"}]}},"_links":{"self":[{"href":"https:\/\/hydrogeeks2.safeland.es\/index.php?rest_route=\/wp\/v2\/product\/4607","targetHints":{"allow":["GET"]}}],"collection":[{"href":"https:\/\/hydrogeeks2.safeland.es\/index.php?rest_route=\/wp\/v2\/product"}],"about":[{"href":"https:\/\/hydrogeeks2.safeland.es\/index.php?rest_route=\/wp\/v2\/types\/product"}],"replies":[{"embeddable":true,"href":"https:\/\/hydrogeeks2.safeland.es\/index.php?rest_route=%2Fwp%2Fv2%2Fcomments&post=4607"}],"version-history":[{"count":2,"href":"https:\/\/hydrogeeks2.safeland.es\/index.php?rest_route=\/wp\/v2\/product\/4607\/revisions"}],"predecessor-version":[{"id":6023,"href":"https:\/\/hydrogeeks2.safeland.es\/index.php?rest_route=\/wp\/v2\/product\/4607\/revisions\/6023"}],"wp:featuredmedia":[{"embeddable":true,"href":"https:\/\/hydrogeeks2.safeland.es\/index.php?rest_route=\/wp\/v2\/media\/4560"}],"wp:attachment":[{"href":"https:\/\/hydrogeeks2.safeland.es\/index.php?rest_route=%2Fwp%2Fv2%2Fmedia&parent=4607"}],"wp:term":[{"taxonomy":"product_brand","embeddable":true,"href":"https:\/\/hydrogeeks2.safeland.es\/index.php?rest_route=%2Fwp%2Fv2%2Fproduct_brand&post=4607"},{"taxonomy":"product_cat","embeddable":true,"href":"https:\/\/hydrogeeks2.safeland.es\/index.php?rest_route=%2Fwp%2Fv2%2Fproduct_cat&post=4607"},{"taxonomy":"product_tag","embeddable":true,"href":"https:\/\/hydrogeeks2.safeland.es\/index.php?rest_route=%2Fwp%2Fv2%2Fproduct_tag&post=4607"}],"curies":[{"name":"wp","href":"https:\/\/api.w.org\/{rel}","templated":true}]}}