{"id":4681,"date":"2025-10-16T06:20:47","date_gmt":"2025-10-16T06:20:47","guid":{"rendered":"https:\/\/hydrogeeks2.safeland.es\/?post_type=product&#038;p=4681"},"modified":"2026-02-23T08:58:03","modified_gmt":"2026-02-23T08:58:03","slug":"at-mr-copia","status":"publish","type":"product","link":"https:\/\/hydrogeeks2.safeland.es\/?product=at-mr-copia","title":{"rendered":"ATHENA.MR 12VDC"},"content":{"rendered":"<ul>\n<li><b>Cabezal de la bomba en PVDF<\/b><\/li>\n<li><b>Conexiones r\u00e1pidas<\/b><\/li>\n<li><b>Alimentaci\u00f3n el\u00e9ctrica 100\u00f7240 VAC, 50\/60Hz<\/b><\/li>\n<li><b>Grado de protecci\u00f3n IP65<\/b><\/li>\n<li><b>V\u00e1lvula de cebado manual<\/b><\/li>\n<li><b>Pantalla LCD retroiluminada con dos filas de 16 d\u00edgitos<\/b><\/li>\n<li><b>Programaci\u00f3n y funcionamiento en 5 idiomas seleccionables<\/b><\/li>\n<li><b>El caudal parpadea durante la dosificaci\u00f3n<\/b><\/li>\n<li><b>Contrase\u00f1a de seguridad disponible<\/b><\/li>\n<li><b>Predisposici\u00f3n para sensor de caudal<\/b><\/li>\n<li><b>Disponibilidad de estad\u00edsticas<\/b><\/li>\n<li><b>Rel\u00e9 de repetici\u00f3n de alarma<\/b><\/li>\n<\/ul>\n<p>&nbsp;<\/p>\n","protected":false},"excerpt":{"rendered":"<ul>\n<li><strong>CAUDAL PROPORCIONAL DIGITAL (Funciones de bomba AT.MT y AT.PR)<\/strong><\/li>\n<li><strong>Caudal constante ajustable manualmente, o caudal proporcional a una se\u00f1al externa anal\u00f3gica (4\u00f720 mA) o digital (contador de agua)<\/strong><\/li>\n<li><strong>Modo Lotes<\/strong><\/li>\n<li><strong>Funci\u00f3n Temporizador<\/strong><\/li>\n<li><strong>Dosificaci\u00f3n proporcional en ppm<\/strong><\/li>\n<li><strong>Entrada ON-OFF (para control remoto)<\/strong><\/li>\n<li><strong>Medidor-controlador de pH\/Redox integrado<\/strong><\/li>\n<li><strong>Entrada para sonda PT100 o PT1000 (seleccionable) para compensaci\u00f3n de temperatura<\/strong><\/li>\n<\/ul>\n","protected":false},"featured_media":4633,"comment_status":"open","ping_status":"closed","template":"","meta":[],"product_brand":[30],"product_cat":[79],"product_tag":[],"class_list":{"0":"post-4681","1":"product","2":"type-product","3":"status-publish","4":"has-post-thumbnail","6":"product_brand-injecta","7":"product_cat-bombas-electromagneticas","9":"first","10":"instock","11":"sale","12":"taxable","13":"shipping-taxable","14":"purchasable","15":"product-type-variable"},"yoast_head":"<!-- This site is optimized with the Yoast SEO plugin v25.5 - https:\/\/yoast.com\/wordpress\/plugins\/seo\/ -->\n<title>ATHENA.MR 12VDC - Hydrogeeks<\/title>\n<meta name=\"robots\" content=\"index, follow, max-snippet:-1, max-image-preview:large, max-video-preview:-1\" \/>\n<link rel=\"canonical\" href=\"https:\/\/hydrogeeks2.safeland.es\/?product=at-mr-copia\" \/>\n<meta property=\"og:locale\" content=\"es_ES\" \/>\n<meta property=\"og:type\" content=\"article\" \/>\n<meta property=\"og:title\" content=\"ATHENA.MR 12VDC - Hydrogeeks\" \/>\n<meta property=\"og:description\" content=\"CAUDAL PROPORCIONAL DIGITAL (Funciones de bomba AT.MT y AT.PR)  Caudal constante ajustable manualmente, o caudal proporcional a una se\u00f1al externa anal\u00f3gica (4\u00f720 mA) o digital (contador de agua)  Modo Lotes  Funci\u00f3n Temporizador  Dosificaci\u00f3n proporcional en ppm  Entrada ON-OFF (para control remoto)  Medidor-controlador de pH\/Redox integrado  Entrada para sonda PT100 o PT1000 (seleccionable) para compensaci\u00f3n de temperatura\" \/>\n<meta property=\"og:url\" content=\"https:\/\/hydrogeeks2.safeland.es\/?product=at-mr-copia\" \/>\n<meta property=\"og:site_name\" content=\"Hydrogeeks\" \/>\n<meta property=\"article:modified_time\" content=\"2026-02-23T08:58:03+00:00\" \/>\n<meta property=\"og:image\" content=\"https:\/\/hydrogeeks2.safeland.es\/wp-content\/uploads\/2025\/10\/Captura-de-pantalla-2025-10-15-130008.png\" \/>\n\t<meta property=\"og:image:width\" content=\"499\" \/>\n\t<meta property=\"og:image:height\" content=\"551\" \/>\n\t<meta property=\"og:image:type\" content=\"image\/png\" \/>\n<meta name=\"twitter:card\" content=\"summary_large_image\" \/>\n<meta name=\"twitter:label1\" content=\"Tiempo de lectura\" \/>\n\t<meta name=\"twitter:data1\" content=\"1 minuto\" \/>\n<script type=\"application\/ld+json\" class=\"yoast-schema-graph\">{\"@context\":\"https:\/\/schema.org\",\"@graph\":[{\"@type\":\"WebPage\",\"@id\":\"https:\/\/hydrogeeks2.safeland.es\/?product=at-mr-copia\",\"url\":\"https:\/\/hydrogeeks2.safeland.es\/?product=at-mr-copia\",\"name\":\"ATHENA.MR 12VDC - Hydrogeeks\",\"isPartOf\":{\"@id\":\"https:\/\/hydrogeeks2.safeland.es\/#website\"},\"primaryImageOfPage\":{\"@id\":\"https:\/\/hydrogeeks2.safeland.es\/?product=at-mr-copia#primaryimage\"},\"image\":{\"@id\":\"https:\/\/hydrogeeks2.safeland.es\/?product=at-mr-copia#primaryimage\"},\"thumbnailUrl\":\"https:\/\/hydrogeeks2.safeland.es\/wp-content\/uploads\/2025\/10\/Captura-de-pantalla-2025-10-15-130008.png\",\"datePublished\":\"2025-10-16T06:20:47+00:00\",\"dateModified\":\"2026-02-23T08:58:03+00:00\",\"breadcrumb\":{\"@id\":\"https:\/\/hydrogeeks2.safeland.es\/?product=at-mr-copia#breadcrumb\"},\"inLanguage\":\"es\",\"potentialAction\":[{\"@type\":\"ReadAction\",\"target\":[\"https:\/\/hydrogeeks2.safeland.es\/?product=at-mr-copia\"]}]},{\"@type\":\"ImageObject\",\"inLanguage\":\"es\",\"@id\":\"https:\/\/hydrogeeks2.safeland.es\/?product=at-mr-copia#primaryimage\",\"url\":\"https:\/\/hydrogeeks2.safeland.es\/wp-content\/uploads\/2025\/10\/Captura-de-pantalla-2025-10-15-130008.png\",\"contentUrl\":\"https:\/\/hydrogeeks2.safeland.es\/wp-content\/uploads\/2025\/10\/Captura-de-pantalla-2025-10-15-130008.png\",\"width\":499,\"height\":551},{\"@type\":\"BreadcrumbList\",\"@id\":\"https:\/\/hydrogeeks2.safeland.es\/?product=at-mr-copia#breadcrumb\",\"itemListElement\":[{\"@type\":\"ListItem\",\"position\":1,\"name\":\"Portada\",\"item\":\"https:\/\/hydrogeeks2.safeland.es\/\"},{\"@type\":\"ListItem\",\"position\":2,\"name\":\"Shop\",\"item\":\"https:\/\/hydrogeeks2.safeland.es\/?page_id=27\"},{\"@type\":\"ListItem\",\"position\":3,\"name\":\"ATHENA.MR 12VDC\"}]},{\"@type\":\"WebSite\",\"@id\":\"https:\/\/hydrogeeks2.safeland.es\/#website\",\"url\":\"https:\/\/hydrogeeks2.safeland.es\/\",\"name\":\"Hydrogeeks\",\"description\":\"\",\"potentialAction\":[{\"@type\":\"SearchAction\",\"target\":{\"@type\":\"EntryPoint\",\"urlTemplate\":\"https:\/\/hydrogeeks2.safeland.es\/?s={search_term_string}\"},\"query-input\":{\"@type\":\"PropertyValueSpecification\",\"valueRequired\":true,\"valueName\":\"search_term_string\"}}],\"inLanguage\":\"es\"}]}<\/script>\n<!-- \/ Yoast SEO plugin. -->","yoast_head_json":{"title":"ATHENA.MR 12VDC - Hydrogeeks","robots":{"index":"index","follow":"follow","max-snippet":"max-snippet:-1","max-image-preview":"max-image-preview:large","max-video-preview":"max-video-preview:-1"},"canonical":"https:\/\/hydrogeeks2.safeland.es\/?product=at-mr-copia","og_locale":"es_ES","og_type":"article","og_title":"ATHENA.MR 12VDC - Hydrogeeks","og_description":"CAUDAL PROPORCIONAL DIGITAL (Funciones de bomba AT.MT y AT.PR)  Caudal constante ajustable manualmente, o caudal proporcional a una se\u00f1al externa anal\u00f3gica (4\u00f720 mA) o digital (contador de agua)  Modo Lotes  Funci\u00f3n Temporizador  Dosificaci\u00f3n proporcional en ppm  Entrada ON-OFF (para control remoto)  Medidor-controlador de pH\/Redox integrado  Entrada para sonda PT100 o PT1000 (seleccionable) para compensaci\u00f3n de temperatura","og_url":"https:\/\/hydrogeeks2.safeland.es\/?product=at-mr-copia","og_site_name":"Hydrogeeks","article_modified_time":"2026-02-23T08:58:03+00:00","og_image":[{"width":499,"height":551,"url":"https:\/\/hydrogeeks2.safeland.es\/wp-content\/uploads\/2025\/10\/Captura-de-pantalla-2025-10-15-130008.png","type":"image\/png"}],"twitter_card":"summary_large_image","twitter_misc":{"Tiempo de lectura":"1 minuto"},"schema":{"@context":"https:\/\/schema.org","@graph":[{"@type":"WebPage","@id":"https:\/\/hydrogeeks2.safeland.es\/?product=at-mr-copia","url":"https:\/\/hydrogeeks2.safeland.es\/?product=at-mr-copia","name":"ATHENA.MR 12VDC - Hydrogeeks","isPartOf":{"@id":"https:\/\/hydrogeeks2.safeland.es\/#website"},"primaryImageOfPage":{"@id":"https:\/\/hydrogeeks2.safeland.es\/?product=at-mr-copia#primaryimage"},"image":{"@id":"https:\/\/hydrogeeks2.safeland.es\/?product=at-mr-copia#primaryimage"},"thumbnailUrl":"https:\/\/hydrogeeks2.safeland.es\/wp-content\/uploads\/2025\/10\/Captura-de-pantalla-2025-10-15-130008.png","datePublished":"2025-10-16T06:20:47+00:00","dateModified":"2026-02-23T08:58:03+00:00","breadcrumb":{"@id":"https:\/\/hydrogeeks2.safeland.es\/?product=at-mr-copia#breadcrumb"},"inLanguage":"es","potentialAction":[{"@type":"ReadAction","target":["https:\/\/hydrogeeks2.safeland.es\/?product=at-mr-copia"]}]},{"@type":"ImageObject","inLanguage":"es","@id":"https:\/\/hydrogeeks2.safeland.es\/?product=at-mr-copia#primaryimage","url":"https:\/\/hydrogeeks2.safeland.es\/wp-content\/uploads\/2025\/10\/Captura-de-pantalla-2025-10-15-130008.png","contentUrl":"https:\/\/hydrogeeks2.safeland.es\/wp-content\/uploads\/2025\/10\/Captura-de-pantalla-2025-10-15-130008.png","width":499,"height":551},{"@type":"BreadcrumbList","@id":"https:\/\/hydrogeeks2.safeland.es\/?product=at-mr-copia#breadcrumb","itemListElement":[{"@type":"ListItem","position":1,"name":"Portada","item":"https:\/\/hydrogeeks2.safeland.es\/"},{"@type":"ListItem","position":2,"name":"Shop","item":"https:\/\/hydrogeeks2.safeland.es\/?page_id=27"},{"@type":"ListItem","position":3,"name":"ATHENA.MR 12VDC"}]},{"@type":"WebSite","@id":"https:\/\/hydrogeeks2.safeland.es\/#website","url":"https:\/\/hydrogeeks2.safeland.es\/","name":"Hydrogeeks","description":"","potentialAction":[{"@type":"SearchAction","target":{"@type":"EntryPoint","urlTemplate":"https:\/\/hydrogeeks2.safeland.es\/?s={search_term_string}"},"query-input":{"@type":"PropertyValueSpecification","valueRequired":true,"valueName":"search_term_string"}}],"inLanguage":"es"}]}},"_links":{"self":[{"href":"https:\/\/hydrogeeks2.safeland.es\/index.php?rest_route=\/wp\/v2\/product\/4681","targetHints":{"allow":["GET"]}}],"collection":[{"href":"https:\/\/hydrogeeks2.safeland.es\/index.php?rest_route=\/wp\/v2\/product"}],"about":[{"href":"https:\/\/hydrogeeks2.safeland.es\/index.php?rest_route=\/wp\/v2\/types\/product"}],"replies":[{"embeddable":true,"href":"https:\/\/hydrogeeks2.safeland.es\/index.php?rest_route=%2Fwp%2Fv2%2Fcomments&post=4681"}],"version-history":[{"count":3,"href":"https:\/\/hydrogeeks2.safeland.es\/index.php?rest_route=\/wp\/v2\/product\/4681\/revisions"}],"predecessor-version":[{"id":6016,"href":"https:\/\/hydrogeeks2.safeland.es\/index.php?rest_route=\/wp\/v2\/product\/4681\/revisions\/6016"}],"wp:featuredmedia":[{"embeddable":true,"href":"https:\/\/hydrogeeks2.safeland.es\/index.php?rest_route=\/wp\/v2\/media\/4633"}],"wp:attachment":[{"href":"https:\/\/hydrogeeks2.safeland.es\/index.php?rest_route=%2Fwp%2Fv2%2Fmedia&parent=4681"}],"wp:term":[{"taxonomy":"product_brand","embeddable":true,"href":"https:\/\/hydrogeeks2.safeland.es\/index.php?rest_route=%2Fwp%2Fv2%2Fproduct_brand&post=4681"},{"taxonomy":"product_cat","embeddable":true,"href":"https:\/\/hydrogeeks2.safeland.es\/index.php?rest_route=%2Fwp%2Fv2%2Fproduct_cat&post=4681"},{"taxonomy":"product_tag","embeddable":true,"href":"https:\/\/hydrogeeks2.safeland.es\/index.php?rest_route=%2Fwp%2Fv2%2Fproduct_tag&post=4681"}],"curies":[{"name":"wp","href":"https:\/\/api.w.org\/{rel}","templated":true}]}}