{"id":5592,"date":"2025-12-04T07:48:52","date_gmt":"2025-12-04T07:48:52","guid":{"rendered":"https:\/\/hydrogeeks2.safeland.es\/?post_type=product&#038;p=5592"},"modified":"2025-12-04T12:26:39","modified_gmt":"2025-12-04T12:26:39","slug":"extensiones-para-lanza-de-aspiracion-para-todos-los-modelos","status":"publish","type":"product","link":"https:\/\/hydrogeeks2.safeland.es\/?product=extensiones-para-lanza-de-aspiracion-para-todos-los-modelos","title":{"rendered":"EXTENSIONES PARA LANZA DE ASPIRACI\u00d3N PARA TODOS LOS MODELOS"},"content":{"rendered":"<p data-path-to-node=\"1\">M\u00d3DULOS DE EXTENSI\u00d3N Fabricados en PVC. Disponibles para todos los tama\u00f1os de dispositivos de aspiraci\u00f3n. \u00datiles para adaptar los dispositivos de aspiraci\u00f3n al tanque de productos qu\u00edmicos.<\/p>\n<div class=\"attachment-container search-images\">\n<div class=\"image-container ng-star-inserted\" data-full-size-image-uri=\"https:\/\/encrypted-tbn1.gstatic.com\/licensed-image?q=tbn:ANd9GcT35z28EXAmojdxjlzJO5pjdeKGFKXjNMXSWlEj_a_Xq54Jt4f7EwKAxYEMgXXpagFPUaveLSmYR74BLQ2eWWZrYXH4Ksxo4_Ho6286BhKFKbSJcZ0\">\n<div class=\"overlay-container ng-star-inserted\"><\/div>\n<\/div>\n<\/div>\n","protected":false},"excerpt":{"rendered":"<p>M\u00d3DULOS DE EXTENSI\u00d3N Fabricados en PVC. Disponibles para todos los tama\u00f1os de dispositivos de aspiraci\u00f3n. \u00datiles para adaptar los dispositivos de aspiraci\u00f3n al tanque de productos<span class=\"excerpt-hellip\"> [\u2026]<\/span><\/p>\n","protected":false},"featured_media":5603,"comment_status":"open","ping_status":"closed","template":"","meta":[],"product_brand":[30],"product_cat":[84,85],"product_tag":[],"class_list":{"0":"post-5592","1":"product","2":"type-product","3":"status-publish","4":"has-post-thumbnail","6":"product_brand-injecta","7":"product_cat-accesorios","8":"product_cat-accesorios-injecta","10":"first","11":"instock","12":"sale","13":"taxable","14":"shipping-taxable","15":"purchasable","16":"product-type-variable"},"yoast_head":"<!-- This site is optimized with the Yoast SEO plugin v25.5 - https:\/\/yoast.com\/wordpress\/plugins\/seo\/ -->\n<title>EXTENSIONES PARA LANZA DE ASPIRACI\u00d3N PARA TODOS LOS MODELOS - Hydrogeeks<\/title>\n<meta name=\"robots\" content=\"index, follow, max-snippet:-1, max-image-preview:large, max-video-preview:-1\" \/>\n<link rel=\"canonical\" href=\"https:\/\/hydrogeeks2.safeland.es\/?product=extensiones-para-lanza-de-aspiracion-para-todos-los-modelos\" \/>\n<meta property=\"og:locale\" content=\"es_ES\" \/>\n<meta property=\"og:type\" content=\"article\" \/>\n<meta property=\"og:title\" content=\"EXTENSIONES PARA LANZA DE ASPIRACI\u00d3N PARA TODOS LOS MODELOS - Hydrogeeks\" \/>\n<meta property=\"og:description\" content=\"M\u00d3DULOS DE EXTENSI\u00d3N Fabricados en PVC. Disponibles para todos los tama\u00f1os de dispositivos de aspiraci\u00f3n. \u00datiles para adaptar los dispositivos de aspiraci\u00f3n al tanque de productos [\u2026]\" \/>\n<meta property=\"og:url\" content=\"https:\/\/hydrogeeks2.safeland.es\/?product=extensiones-para-lanza-de-aspiracion-para-todos-los-modelos\" \/>\n<meta property=\"og:site_name\" content=\"Hydrogeeks\" \/>\n<meta property=\"article:modified_time\" content=\"2025-12-04T12:26:39+00:00\" \/>\n<meta property=\"og:image\" content=\"https:\/\/hydrogeeks2.safeland.es\/wp-content\/uploads\/2025\/12\/imagen_2025-12-04_084944418.png\" \/>\n\t<meta property=\"og:image:width\" content=\"304\" \/>\n\t<meta property=\"og:image:height\" content=\"229\" \/>\n\t<meta property=\"og:image:type\" content=\"image\/png\" \/>\n<meta name=\"twitter:card\" content=\"summary_large_image\" \/>\n<meta name=\"twitter:label1\" content=\"Tiempo de lectura\" \/>\n\t<meta name=\"twitter:data1\" content=\"1 minuto\" \/>\n<script type=\"application\/ld+json\" class=\"yoast-schema-graph\">{\"@context\":\"https:\/\/schema.org\",\"@graph\":[{\"@type\":\"WebPage\",\"@id\":\"https:\/\/hydrogeeks2.safeland.es\/?product=extensiones-para-lanza-de-aspiracion-para-todos-los-modelos\",\"url\":\"https:\/\/hydrogeeks2.safeland.es\/?product=extensiones-para-lanza-de-aspiracion-para-todos-los-modelos\",\"name\":\"EXTENSIONES PARA LANZA DE ASPIRACI\u00d3N PARA TODOS LOS MODELOS - Hydrogeeks\",\"isPartOf\":{\"@id\":\"https:\/\/hydrogeeks2.safeland.es\/#website\"},\"primaryImageOfPage\":{\"@id\":\"https:\/\/hydrogeeks2.safeland.es\/?product=extensiones-para-lanza-de-aspiracion-para-todos-los-modelos#primaryimage\"},\"image\":{\"@id\":\"https:\/\/hydrogeeks2.safeland.es\/?product=extensiones-para-lanza-de-aspiracion-para-todos-los-modelos#primaryimage\"},\"thumbnailUrl\":\"https:\/\/hydrogeeks2.safeland.es\/wp-content\/uploads\/2025\/12\/imagen_2025-12-04_084944418.png\",\"datePublished\":\"2025-12-04T07:48:52+00:00\",\"dateModified\":\"2025-12-04T12:26:39+00:00\",\"breadcrumb\":{\"@id\":\"https:\/\/hydrogeeks2.safeland.es\/?product=extensiones-para-lanza-de-aspiracion-para-todos-los-modelos#breadcrumb\"},\"inLanguage\":\"es\",\"potentialAction\":[{\"@type\":\"ReadAction\",\"target\":[\"https:\/\/hydrogeeks2.safeland.es\/?product=extensiones-para-lanza-de-aspiracion-para-todos-los-modelos\"]}]},{\"@type\":\"ImageObject\",\"inLanguage\":\"es\",\"@id\":\"https:\/\/hydrogeeks2.safeland.es\/?product=extensiones-para-lanza-de-aspiracion-para-todos-los-modelos#primaryimage\",\"url\":\"https:\/\/hydrogeeks2.safeland.es\/wp-content\/uploads\/2025\/12\/imagen_2025-12-04_084944418.png\",\"contentUrl\":\"https:\/\/hydrogeeks2.safeland.es\/wp-content\/uploads\/2025\/12\/imagen_2025-12-04_084944418.png\",\"width\":304,\"height\":229},{\"@type\":\"BreadcrumbList\",\"@id\":\"https:\/\/hydrogeeks2.safeland.es\/?product=extensiones-para-lanza-de-aspiracion-para-todos-los-modelos#breadcrumb\",\"itemListElement\":[{\"@type\":\"ListItem\",\"position\":1,\"name\":\"Portada\",\"item\":\"https:\/\/hydrogeeks2.safeland.es\/\"},{\"@type\":\"ListItem\",\"position\":2,\"name\":\"Shop\",\"item\":\"https:\/\/hydrogeeks2.safeland.es\/?page_id=27\"},{\"@type\":\"ListItem\",\"position\":3,\"name\":\"EXTENSIONES PARA LANZA DE ASPIRACI\u00d3N PARA TODOS LOS MODELOS\"}]},{\"@type\":\"WebSite\",\"@id\":\"https:\/\/hydrogeeks2.safeland.es\/#website\",\"url\":\"https:\/\/hydrogeeks2.safeland.es\/\",\"name\":\"Hydrogeeks\",\"description\":\"\",\"potentialAction\":[{\"@type\":\"SearchAction\",\"target\":{\"@type\":\"EntryPoint\",\"urlTemplate\":\"https:\/\/hydrogeeks2.safeland.es\/?s={search_term_string}\"},\"query-input\":{\"@type\":\"PropertyValueSpecification\",\"valueRequired\":true,\"valueName\":\"search_term_string\"}}],\"inLanguage\":\"es\"}]}<\/script>\n<!-- \/ Yoast SEO plugin. -->","yoast_head_json":{"title":"EXTENSIONES PARA LANZA DE ASPIRACI\u00d3N PARA TODOS LOS MODELOS - Hydrogeeks","robots":{"index":"index","follow":"follow","max-snippet":"max-snippet:-1","max-image-preview":"max-image-preview:large","max-video-preview":"max-video-preview:-1"},"canonical":"https:\/\/hydrogeeks2.safeland.es\/?product=extensiones-para-lanza-de-aspiracion-para-todos-los-modelos","og_locale":"es_ES","og_type":"article","og_title":"EXTENSIONES PARA LANZA DE ASPIRACI\u00d3N PARA TODOS LOS MODELOS - Hydrogeeks","og_description":"M\u00d3DULOS DE EXTENSI\u00d3N Fabricados en PVC. Disponibles para todos los tama\u00f1os de dispositivos de aspiraci\u00f3n. \u00datiles para adaptar los dispositivos de aspiraci\u00f3n al tanque de productos [\u2026]","og_url":"https:\/\/hydrogeeks2.safeland.es\/?product=extensiones-para-lanza-de-aspiracion-para-todos-los-modelos","og_site_name":"Hydrogeeks","article_modified_time":"2025-12-04T12:26:39+00:00","og_image":[{"width":304,"height":229,"url":"https:\/\/hydrogeeks2.safeland.es\/wp-content\/uploads\/2025\/12\/imagen_2025-12-04_084944418.png","type":"image\/png"}],"twitter_card":"summary_large_image","twitter_misc":{"Tiempo de lectura":"1 minuto"},"schema":{"@context":"https:\/\/schema.org","@graph":[{"@type":"WebPage","@id":"https:\/\/hydrogeeks2.safeland.es\/?product=extensiones-para-lanza-de-aspiracion-para-todos-los-modelos","url":"https:\/\/hydrogeeks2.safeland.es\/?product=extensiones-para-lanza-de-aspiracion-para-todos-los-modelos","name":"EXTENSIONES PARA LANZA DE ASPIRACI\u00d3N PARA TODOS LOS MODELOS - Hydrogeeks","isPartOf":{"@id":"https:\/\/hydrogeeks2.safeland.es\/#website"},"primaryImageOfPage":{"@id":"https:\/\/hydrogeeks2.safeland.es\/?product=extensiones-para-lanza-de-aspiracion-para-todos-los-modelos#primaryimage"},"image":{"@id":"https:\/\/hydrogeeks2.safeland.es\/?product=extensiones-para-lanza-de-aspiracion-para-todos-los-modelos#primaryimage"},"thumbnailUrl":"https:\/\/hydrogeeks2.safeland.es\/wp-content\/uploads\/2025\/12\/imagen_2025-12-04_084944418.png","datePublished":"2025-12-04T07:48:52+00:00","dateModified":"2025-12-04T12:26:39+00:00","breadcrumb":{"@id":"https:\/\/hydrogeeks2.safeland.es\/?product=extensiones-para-lanza-de-aspiracion-para-todos-los-modelos#breadcrumb"},"inLanguage":"es","potentialAction":[{"@type":"ReadAction","target":["https:\/\/hydrogeeks2.safeland.es\/?product=extensiones-para-lanza-de-aspiracion-para-todos-los-modelos"]}]},{"@type":"ImageObject","inLanguage":"es","@id":"https:\/\/hydrogeeks2.safeland.es\/?product=extensiones-para-lanza-de-aspiracion-para-todos-los-modelos#primaryimage","url":"https:\/\/hydrogeeks2.safeland.es\/wp-content\/uploads\/2025\/12\/imagen_2025-12-04_084944418.png","contentUrl":"https:\/\/hydrogeeks2.safeland.es\/wp-content\/uploads\/2025\/12\/imagen_2025-12-04_084944418.png","width":304,"height":229},{"@type":"BreadcrumbList","@id":"https:\/\/hydrogeeks2.safeland.es\/?product=extensiones-para-lanza-de-aspiracion-para-todos-los-modelos#breadcrumb","itemListElement":[{"@type":"ListItem","position":1,"name":"Portada","item":"https:\/\/hydrogeeks2.safeland.es\/"},{"@type":"ListItem","position":2,"name":"Shop","item":"https:\/\/hydrogeeks2.safeland.es\/?page_id=27"},{"@type":"ListItem","position":3,"name":"EXTENSIONES PARA LANZA DE ASPIRACI\u00d3N PARA TODOS LOS MODELOS"}]},{"@type":"WebSite","@id":"https:\/\/hydrogeeks2.safeland.es\/#website","url":"https:\/\/hydrogeeks2.safeland.es\/","name":"Hydrogeeks","description":"","potentialAction":[{"@type":"SearchAction","target":{"@type":"EntryPoint","urlTemplate":"https:\/\/hydrogeeks2.safeland.es\/?s={search_term_string}"},"query-input":{"@type":"PropertyValueSpecification","valueRequired":true,"valueName":"search_term_string"}}],"inLanguage":"es"}]}},"_links":{"self":[{"href":"https:\/\/hydrogeeks2.safeland.es\/index.php?rest_route=\/wp\/v2\/product\/5592","targetHints":{"allow":["GET"]}}],"collection":[{"href":"https:\/\/hydrogeeks2.safeland.es\/index.php?rest_route=\/wp\/v2\/product"}],"about":[{"href":"https:\/\/hydrogeeks2.safeland.es\/index.php?rest_route=\/wp\/v2\/types\/product"}],"replies":[{"embeddable":true,"href":"https:\/\/hydrogeeks2.safeland.es\/index.php?rest_route=%2Fwp%2Fv2%2Fcomments&post=5592"}],"version-history":[{"count":1,"href":"https:\/\/hydrogeeks2.safeland.es\/index.php?rest_route=\/wp\/v2\/product\/5592\/revisions"}],"predecessor-version":[{"id":5608,"href":"https:\/\/hydrogeeks2.safeland.es\/index.php?rest_route=\/wp\/v2\/product\/5592\/revisions\/5608"}],"wp:featuredmedia":[{"embeddable":true,"href":"https:\/\/hydrogeeks2.safeland.es\/index.php?rest_route=\/wp\/v2\/media\/5603"}],"wp:attachment":[{"href":"https:\/\/hydrogeeks2.safeland.es\/index.php?rest_route=%2Fwp%2Fv2%2Fmedia&parent=5592"}],"wp:term":[{"taxonomy":"product_brand","embeddable":true,"href":"https:\/\/hydrogeeks2.safeland.es\/index.php?rest_route=%2Fwp%2Fv2%2Fproduct_brand&post=5592"},{"taxonomy":"product_cat","embeddable":true,"href":"https:\/\/hydrogeeks2.safeland.es\/index.php?rest_route=%2Fwp%2Fv2%2Fproduct_cat&post=5592"},{"taxonomy":"product_tag","embeddable":true,"href":"https:\/\/hydrogeeks2.safeland.es\/index.php?rest_route=%2Fwp%2Fv2%2Fproduct_tag&post=5592"}],"curies":[{"name":"wp","href":"https:\/\/api.w.org\/{rel}","templated":true}]}}